{"id":116,"date":"2023-04-30T11:11:25","date_gmt":"2023-04-30T09:11:25","guid":{"rendered":"https:\/\/lyceepaulrobert.fr\/?page_id=116"},"modified":"2024-04-25T20:41:36","modified_gmt":"2024-04-25T18:41:36","slug":"filiere-generale","status":"publish","type":"page","link":"https:\/\/lyceepaulrobert.fr\/index.php\/filiere-generale\/","title":{"rendered":"Fili\u00e8re G\u00e9n\u00e9rale"},"content":{"rendered":"\n<p>La fili\u00e8re g\u00e9n\u00e9rale dure deux ans, de la premi\u00e8re \u00e0 la terminale. Les \u00e9l\u00e8ves ont des mati\u00e8res communes du tronc commun et des sp\u00e9cialit\u00e9s qu&rsquo;ils devront choisir parmi celles propos\u00e9es dans notre \u00e9tablissement.<\/p>\n\n\n\n<p>Les \u00e9l\u00e8ves sont \u00e9valu\u00e9es tout au long de l&rsquo;ann\u00e9e, d\u00e8s la premi\u00e8re, en contr\u00f4le continu pour le tronc commun et ils devront r\u00e9aliser une \u00e9preuve terminales pour l&rsquo;\u00e9preuve anticip\u00e9e de fran\u00e7ais en fin de premi\u00e8re, la philosophie et les deux sp\u00e9cialit\u00e9s gard\u00e9es en terminale.<\/p>\n\n\n\n<figure class=\"wp-block-image size-large\"><img loading=\"lazy\" decoding=\"async\" width=\"982\" height=\"1024\" src=\"https:\/\/lyceepaulrobert.fr\/wp-content\/uploads\/2024\/04\/Note-bac-982x1024.jpg\" alt=\"\" class=\"wp-image-348\" srcset=\"https:\/\/lyceepaulrobert.fr\/wp-content\/uploads\/2024\/04\/Note-bac-982x1024.jpg 982w, https:\/\/lyceepaulrobert.fr\/wp-content\/uploads\/2024\/04\/Note-bac-288x300.jpg 288w, https:\/\/lyceepaulrobert.fr\/wp-content\/uploads\/2024\/04\/Note-bac-768x801.jpg 768w, https:\/\/lyceepaulrobert.fr\/wp-content\/uploads\/2024\/04\/Note-bac-1473x1536.jpg 1473w, https:\/\/lyceepaulrobert.fr\/wp-content\/uploads\/2024\/04\/Note-bac-1965x2048.jpg 1965w, https:\/\/lyceepaulrobert.fr\/wp-content\/uploads\/2024\/04\/Note-bac.jpg 2000w\" sizes=\"auto, (max-width: 982px) 100vw, 982px\" \/><\/figure>\n","protected":false},"excerpt":{"rendered":"<p>La fili\u00e8re g\u00e9n\u00e9rale dure deux ans, de la premi\u00e8re \u00e0 la terminale. Les \u00e9l\u00e8ves ont des mati\u00e8res communes du tronc &hellip; <\/p>\n","protected":false},"author":1,"featured_media":0,"parent":0,"menu_order":0,"comment_status":"closed","ping_status":"closed","template":"","meta":{"footnotes":""},"class_list":["post-116","page","type-page","status-publish","hentry"],"yoast_head":"<!-- This site is optimized with the Yoast SEO plugin v22.5 - https:\/\/yoast.com\/wordpress\/plugins\/seo\/ -->\n<title>Fili\u00e8re G\u00e9n\u00e9rale - Lyc\u00e9e Polyvalent Paul Robert<\/title>\n<meta name=\"robots\" content=\"index, follow, max-snippet:-1, max-image-preview:large, max-video-preview:-1\" \/>\n<link rel=\"canonical\" href=\"https:\/\/lyceepaulrobert.fr\/index.php\/filiere-generale\/\" \/>\n<meta property=\"og:locale\" content=\"fr_FR\" \/>\n<meta property=\"og:type\" content=\"article\" \/>\n<meta property=\"og:title\" content=\"Fili\u00e8re G\u00e9n\u00e9rale - Lyc\u00e9e Polyvalent Paul Robert\" \/>\n<meta property=\"og:description\" content=\"La fili\u00e8re g\u00e9n\u00e9rale dure deux ans, de la premi\u00e8re \u00e0 la terminale. Les \u00e9l\u00e8ves ont des mati\u00e8res communes du tronc &hellip;\" \/>\n<meta property=\"og:url\" content=\"https:\/\/lyceepaulrobert.fr\/index.php\/filiere-generale\/\" \/>\n<meta property=\"og:site_name\" content=\"Lyc\u00e9e Polyvalent Paul Robert\" \/>\n<meta property=\"article:modified_time\" content=\"2024-04-25T18:41:36+00:00\" \/>\n<meta property=\"og:image\" content=\"https:\/\/lyceepaulrobert.fr\/wp-content\/uploads\/2024\/04\/Note-bac-982x1024.jpg\" \/>\n<meta name=\"twitter:card\" content=\"summary_large_image\" \/>\n<script type=\"application\/ld+json\" class=\"yoast-schema-graph\">{\"@context\":\"https:\/\/schema.org\",\"@graph\":[{\"@type\":\"WebPage\",\"@id\":\"https:\/\/lyceepaulrobert.fr\/index.php\/filiere-generale\/\",\"url\":\"https:\/\/lyceepaulrobert.fr\/index.php\/filiere-generale\/\",\"name\":\"Fili\u00e8re G\u00e9n\u00e9rale - Lyc\u00e9e Polyvalent Paul Robert\",\"isPartOf\":{\"@id\":\"https:\/\/lyceepaulrobert.fr\/#website\"},\"primaryImageOfPage\":{\"@id\":\"https:\/\/lyceepaulrobert.fr\/index.php\/filiere-generale\/#primaryimage\"},\"image\":{\"@id\":\"https:\/\/lyceepaulrobert.fr\/index.php\/filiere-generale\/#primaryimage\"},\"thumbnailUrl\":\"https:\/\/lyceepaulrobert.fr\/wp-content\/uploads\/2024\/04\/Note-bac-982x1024.jpg\",\"datePublished\":\"2023-04-30T09:11:25+00:00\",\"dateModified\":\"2024-04-25T18:41:36+00:00\",\"breadcrumb\":{\"@id\":\"https:\/\/lyceepaulrobert.fr\/index.php\/filiere-generale\/#breadcrumb\"},\"inLanguage\":\"fr-FR\",\"potentialAction\":[{\"@type\":\"ReadAction\",\"target\":[\"https:\/\/lyceepaulrobert.fr\/index.php\/filiere-generale\/\"]}]},{\"@type\":\"ImageObject\",\"inLanguage\":\"fr-FR\",\"@id\":\"https:\/\/lyceepaulrobert.fr\/index.php\/filiere-generale\/#primaryimage\",\"url\":\"https:\/\/lyceepaulrobert.fr\/wp-content\/uploads\/2024\/04\/Note-bac.jpg\",\"contentUrl\":\"https:\/\/lyceepaulrobert.fr\/wp-content\/uploads\/2024\/04\/Note-bac.jpg\",\"width\":2000,\"height\":2085},{\"@type\":\"BreadcrumbList\",\"@id\":\"https:\/\/lyceepaulrobert.fr\/index.php\/filiere-generale\/#breadcrumb\",\"itemListElement\":[{\"@type\":\"ListItem\",\"position\":1,\"name\":\"Accueil\",\"item\":\"https:\/\/lyceepaulrobert.fr\/\"},{\"@type\":\"ListItem\",\"position\":2,\"name\":\"Fili\u00e8re G\u00e9n\u00e9rale\"}]},{\"@type\":\"WebSite\",\"@id\":\"https:\/\/lyceepaulrobert.fr\/#website\",\"url\":\"https:\/\/lyceepaulrobert.fr\/\",\"name\":\"Lyc\u00e9e Polyvalent Paul Robert\",\"description\":\"\",\"potentialAction\":[{\"@type\":\"SearchAction\",\"target\":{\"@type\":\"EntryPoint\",\"urlTemplate\":\"https:\/\/lyceepaulrobert.fr\/?s={search_term_string}\"},\"query-input\":\"required name=search_term_string\"}],\"inLanguage\":\"fr-FR\"}]}<\/script>\n<!-- \/ Yoast SEO plugin. -->","yoast_head_json":{"title":"Fili\u00e8re G\u00e9n\u00e9rale - Lyc\u00e9e Polyvalent Paul Robert","robots":{"index":"index","follow":"follow","max-snippet":"max-snippet:-1","max-image-preview":"max-image-preview:large","max-video-preview":"max-video-preview:-1"},"canonical":"https:\/\/lyceepaulrobert.fr\/index.php\/filiere-generale\/","og_locale":"fr_FR","og_type":"article","og_title":"Fili\u00e8re G\u00e9n\u00e9rale - Lyc\u00e9e Polyvalent Paul Robert","og_description":"La fili\u00e8re g\u00e9n\u00e9rale dure deux ans, de la premi\u00e8re \u00e0 la terminale. Les \u00e9l\u00e8ves ont des mati\u00e8res communes du tronc &hellip;","og_url":"https:\/\/lyceepaulrobert.fr\/index.php\/filiere-generale\/","og_site_name":"Lyc\u00e9e Polyvalent Paul Robert","article_modified_time":"2024-04-25T18:41:36+00:00","og_image":[{"url":"https:\/\/lyceepaulrobert.fr\/wp-content\/uploads\/2024\/04\/Note-bac-982x1024.jpg"}],"twitter_card":"summary_large_image","schema":{"@context":"https:\/\/schema.org","@graph":[{"@type":"WebPage","@id":"https:\/\/lyceepaulrobert.fr\/index.php\/filiere-generale\/","url":"https:\/\/lyceepaulrobert.fr\/index.php\/filiere-generale\/","name":"Fili\u00e8re G\u00e9n\u00e9rale - Lyc\u00e9e Polyvalent Paul Robert","isPartOf":{"@id":"https:\/\/lyceepaulrobert.fr\/#website"},"primaryImageOfPage":{"@id":"https:\/\/lyceepaulrobert.fr\/index.php\/filiere-generale\/#primaryimage"},"image":{"@id":"https:\/\/lyceepaulrobert.fr\/index.php\/filiere-generale\/#primaryimage"},"thumbnailUrl":"https:\/\/lyceepaulrobert.fr\/wp-content\/uploads\/2024\/04\/Note-bac-982x1024.jpg","datePublished":"2023-04-30T09:11:25+00:00","dateModified":"2024-04-25T18:41:36+00:00","breadcrumb":{"@id":"https:\/\/lyceepaulrobert.fr\/index.php\/filiere-generale\/#breadcrumb"},"inLanguage":"fr-FR","potentialAction":[{"@type":"ReadAction","target":["https:\/\/lyceepaulrobert.fr\/index.php\/filiere-generale\/"]}]},{"@type":"ImageObject","inLanguage":"fr-FR","@id":"https:\/\/lyceepaulrobert.fr\/index.php\/filiere-generale\/#primaryimage","url":"https:\/\/lyceepaulrobert.fr\/wp-content\/uploads\/2024\/04\/Note-bac.jpg","contentUrl":"https:\/\/lyceepaulrobert.fr\/wp-content\/uploads\/2024\/04\/Note-bac.jpg","width":2000,"height":2085},{"@type":"BreadcrumbList","@id":"https:\/\/lyceepaulrobert.fr\/index.php\/filiere-generale\/#breadcrumb","itemListElement":[{"@type":"ListItem","position":1,"name":"Accueil","item":"https:\/\/lyceepaulrobert.fr\/"},{"@type":"ListItem","position":2,"name":"Fili\u00e8re G\u00e9n\u00e9rale"}]},{"@type":"WebSite","@id":"https:\/\/lyceepaulrobert.fr\/#website","url":"https:\/\/lyceepaulrobert.fr\/","name":"Lyc\u00e9e Polyvalent Paul Robert","description":"","potentialAction":[{"@type":"SearchAction","target":{"@type":"EntryPoint","urlTemplate":"https:\/\/lyceepaulrobert.fr\/?s={search_term_string}"},"query-input":"required name=search_term_string"}],"inLanguage":"fr-FR"}]}},"_links":{"self":[{"href":"https:\/\/lyceepaulrobert.fr\/index.php\/wp-json\/wp\/v2\/pages\/116","targetHints":{"allow":["GET"]}}],"collection":[{"href":"https:\/\/lyceepaulrobert.fr\/index.php\/wp-json\/wp\/v2\/pages"}],"about":[{"href":"https:\/\/lyceepaulrobert.fr\/index.php\/wp-json\/wp\/v2\/types\/page"}],"author":[{"embeddable":true,"href":"https:\/\/lyceepaulrobert.fr\/index.php\/wp-json\/wp\/v2\/users\/1"}],"replies":[{"embeddable":true,"href":"https:\/\/lyceepaulrobert.fr\/index.php\/wp-json\/wp\/v2\/comments?post=116"}],"version-history":[{"count":4,"href":"https:\/\/lyceepaulrobert.fr\/index.php\/wp-json\/wp\/v2\/pages\/116\/revisions"}],"predecessor-version":[{"id":349,"href":"https:\/\/lyceepaulrobert.fr\/index.php\/wp-json\/wp\/v2\/pages\/116\/revisions\/349"}],"wp:attachment":[{"href":"https:\/\/lyceepaulrobert.fr\/index.php\/wp-json\/wp\/v2\/media?parent=116"}],"curies":[{"name":"wp","href":"https:\/\/api.w.org\/{rel}","templated":true}]}}