{"id":189,"date":"2023-11-07T23:51:06","date_gmt":"2023-11-07T22:51:06","guid":{"rendered":"https:\/\/lyceepaulrobert.fr\/?page_id=189"},"modified":"2024-04-24T00:07:50","modified_gmt":"2024-04-23T22:07:50","slug":"section-europeenne-espagnole","status":"publish","type":"page","link":"https:\/\/lyceepaulrobert.fr\/index.php\/section-europeenne-espagnole\/","title":{"rendered":"Section Europ\u00e9enne Espagnole"},"content":{"rendered":"\n<p>La \u00ab section europ\u00e9enne espagnole\u00bb du lyc\u00e9e Paul Robert des Lilas est une option facultative&nbsp;qui existe dans les trois niveaux (seconde, premi\u00e8re et terminale).<\/p>\n\n\n\n<p>Elle&nbsp;propose un enseignement renforc\u00e9 en langue et un&nbsp;enseignement compl\u00e9mentaire en histoire-g\u00e9ographie en espagnol (qui s\u2019ajoute aux cours&nbsp;classiques). Il s\u2019agit donc non seulement d\u2019un&nbsp;enseignement de langue, mais d\u2019un enseignement d\u2019ouverture culturelle.<\/p>\n\n\n\n<p>Le dipl\u00f4me :<\/p>\n\n\n\n<p>&#8211; La mention \u00ab europ\u00e9enne \u00bb figure sur le dipl\u00f4me du baccalaur\u00e9at des \u00e9l\u00e8ves.<\/p>\n\n\n\n<p>&#8211; Cette mention dispense les bacheliers d\u2019\u00e9preuve de langue sp\u00e9cifique s\u2019ils veulent suivre des \u00e9tudes universitaires dans les pays hispanophones et permet de valoriser le dossier scolaire dans la perspective d\u2019\u00e9tudes universitaires en France.<\/p>\n\n\n\n<p>Conditions d\u2019inscription :<\/p>\n\n\n\n<p>&#8211; L\u2019inscription en section europ\u00e9enne implique une surcharge horaire (+ 2 heures en seconde, premi\u00e8re et terminale). Les \u00e9l\u00e8ves qui s\u2019inscrivent en section europ\u00e9enne s\u2019engagent \u00e0 suivre cette option jusqu\u2019\u00e0 la fin de leur scolarit\u00e9 au lyc\u00e9e. Une forte motivation personnelle est donc indispensable, c&rsquo;est-\u00e0-dire une grande curiosit\u00e9 et une volont\u00e9 d&rsquo;approfondir ses connaissances des pays et des soci\u00e9t\u00e9s hispanophones. L\u2019inscription en section europ\u00e9enne se fait sur dossier avec la r\u00e9daction d\u2019une lettre de motivation par l\u2019\u00e9l\u00e8ve qui candidate.<\/p>\n","protected":false},"excerpt":{"rendered":"<p>La \u00ab section europ\u00e9enne espagnole\u00bb du lyc\u00e9e Paul Robert des Lilas est une option facultative&nbsp;qui existe dans les trois niveaux &hellip; <\/p>\n","protected":false},"author":3,"featured_media":0,"parent":0,"menu_order":0,"comment_status":"closed","ping_status":"closed","template":"","meta":{"footnotes":""},"class_list":["post-189","page","type-page","status-publish","hentry"],"yoast_head":"<!-- This site is optimized with the Yoast SEO plugin v22.5 - https:\/\/yoast.com\/wordpress\/plugins\/seo\/ -->\n<title>Section Europ\u00e9enne Espagnole - Lyc\u00e9e Polyvalent Paul Robert<\/title>\n<meta name=\"robots\" content=\"index, follow, max-snippet:-1, max-image-preview:large, max-video-preview:-1\" \/>\n<link rel=\"canonical\" href=\"https:\/\/lyceepaulrobert.fr\/index.php\/section-europeenne-espagnole\/\" \/>\n<meta property=\"og:locale\" content=\"fr_FR\" \/>\n<meta property=\"og:type\" content=\"article\" \/>\n<meta property=\"og:title\" content=\"Section Europ\u00e9enne Espagnole - Lyc\u00e9e Polyvalent Paul Robert\" \/>\n<meta property=\"og:description\" content=\"La \u00ab section europ\u00e9enne espagnole\u00bb du lyc\u00e9e Paul Robert des Lilas est une option facultative&nbsp;qui existe dans les trois niveaux &hellip;\" \/>\n<meta property=\"og:url\" content=\"https:\/\/lyceepaulrobert.fr\/index.php\/section-europeenne-espagnole\/\" \/>\n<meta property=\"og:site_name\" content=\"Lyc\u00e9e Polyvalent Paul Robert\" \/>\n<meta property=\"article:modified_time\" content=\"2024-04-23T22:07:50+00:00\" \/>\n<meta name=\"twitter:card\" content=\"summary_large_image\" \/>\n<meta name=\"twitter:label1\" content=\"Dur\u00e9e de lecture estim\u00e9e\" \/>\n\t<meta name=\"twitter:data1\" content=\"1 minute\" \/>\n<script type=\"application\/ld+json\" class=\"yoast-schema-graph\">{\"@context\":\"https:\/\/schema.org\",\"@graph\":[{\"@type\":\"WebPage\",\"@id\":\"https:\/\/lyceepaulrobert.fr\/index.php\/section-europeenne-espagnole\/\",\"url\":\"https:\/\/lyceepaulrobert.fr\/index.php\/section-europeenne-espagnole\/\",\"name\":\"Section Europ\u00e9enne Espagnole - Lyc\u00e9e Polyvalent Paul Robert\",\"isPartOf\":{\"@id\":\"https:\/\/lyceepaulrobert.fr\/#website\"},\"datePublished\":\"2023-11-07T22:51:06+00:00\",\"dateModified\":\"2024-04-23T22:07:50+00:00\",\"breadcrumb\":{\"@id\":\"https:\/\/lyceepaulrobert.fr\/index.php\/section-europeenne-espagnole\/#breadcrumb\"},\"inLanguage\":\"fr-FR\",\"potentialAction\":[{\"@type\":\"ReadAction\",\"target\":[\"https:\/\/lyceepaulrobert.fr\/index.php\/section-europeenne-espagnole\/\"]}]},{\"@type\":\"BreadcrumbList\",\"@id\":\"https:\/\/lyceepaulrobert.fr\/index.php\/section-europeenne-espagnole\/#breadcrumb\",\"itemListElement\":[{\"@type\":\"ListItem\",\"position\":1,\"name\":\"Accueil\",\"item\":\"https:\/\/lyceepaulrobert.fr\/\"},{\"@type\":\"ListItem\",\"position\":2,\"name\":\"Section Europ\u00e9enne Espagnole\"}]},{\"@type\":\"WebSite\",\"@id\":\"https:\/\/lyceepaulrobert.fr\/#website\",\"url\":\"https:\/\/lyceepaulrobert.fr\/\",\"name\":\"Lyc\u00e9e Polyvalent Paul Robert\",\"description\":\"\",\"potentialAction\":[{\"@type\":\"SearchAction\",\"target\":{\"@type\":\"EntryPoint\",\"urlTemplate\":\"https:\/\/lyceepaulrobert.fr\/?s={search_term_string}\"},\"query-input\":\"required name=search_term_string\"}],\"inLanguage\":\"fr-FR\"}]}<\/script>\n<!-- \/ Yoast SEO plugin. -->","yoast_head_json":{"title":"Section Europ\u00e9enne Espagnole - Lyc\u00e9e Polyvalent Paul Robert","robots":{"index":"index","follow":"follow","max-snippet":"max-snippet:-1","max-image-preview":"max-image-preview:large","max-video-preview":"max-video-preview:-1"},"canonical":"https:\/\/lyceepaulrobert.fr\/index.php\/section-europeenne-espagnole\/","og_locale":"fr_FR","og_type":"article","og_title":"Section Europ\u00e9enne Espagnole - Lyc\u00e9e Polyvalent Paul Robert","og_description":"La \u00ab section europ\u00e9enne espagnole\u00bb du lyc\u00e9e Paul Robert des Lilas est une option facultative&nbsp;qui existe dans les trois niveaux &hellip;","og_url":"https:\/\/lyceepaulrobert.fr\/index.php\/section-europeenne-espagnole\/","og_site_name":"Lyc\u00e9e Polyvalent Paul Robert","article_modified_time":"2024-04-23T22:07:50+00:00","twitter_card":"summary_large_image","twitter_misc":{"Dur\u00e9e de lecture estim\u00e9e":"1 minute"},"schema":{"@context":"https:\/\/schema.org","@graph":[{"@type":"WebPage","@id":"https:\/\/lyceepaulrobert.fr\/index.php\/section-europeenne-espagnole\/","url":"https:\/\/lyceepaulrobert.fr\/index.php\/section-europeenne-espagnole\/","name":"Section Europ\u00e9enne Espagnole - Lyc\u00e9e Polyvalent Paul Robert","isPartOf":{"@id":"https:\/\/lyceepaulrobert.fr\/#website"},"datePublished":"2023-11-07T22:51:06+00:00","dateModified":"2024-04-23T22:07:50+00:00","breadcrumb":{"@id":"https:\/\/lyceepaulrobert.fr\/index.php\/section-europeenne-espagnole\/#breadcrumb"},"inLanguage":"fr-FR","potentialAction":[{"@type":"ReadAction","target":["https:\/\/lyceepaulrobert.fr\/index.php\/section-europeenne-espagnole\/"]}]},{"@type":"BreadcrumbList","@id":"https:\/\/lyceepaulrobert.fr\/index.php\/section-europeenne-espagnole\/#breadcrumb","itemListElement":[{"@type":"ListItem","position":1,"name":"Accueil","item":"https:\/\/lyceepaulrobert.fr\/"},{"@type":"ListItem","position":2,"name":"Section Europ\u00e9enne Espagnole"}]},{"@type":"WebSite","@id":"https:\/\/lyceepaulrobert.fr\/#website","url":"https:\/\/lyceepaulrobert.fr\/","name":"Lyc\u00e9e Polyvalent Paul Robert","description":"","potentialAction":[{"@type":"SearchAction","target":{"@type":"EntryPoint","urlTemplate":"https:\/\/lyceepaulrobert.fr\/?s={search_term_string}"},"query-input":"required name=search_term_string"}],"inLanguage":"fr-FR"}]}},"_links":{"self":[{"href":"https:\/\/lyceepaulrobert.fr\/index.php\/wp-json\/wp\/v2\/pages\/189","targetHints":{"allow":["GET"]}}],"collection":[{"href":"https:\/\/lyceepaulrobert.fr\/index.php\/wp-json\/wp\/v2\/pages"}],"about":[{"href":"https:\/\/lyceepaulrobert.fr\/index.php\/wp-json\/wp\/v2\/types\/page"}],"author":[{"embeddable":true,"href":"https:\/\/lyceepaulrobert.fr\/index.php\/wp-json\/wp\/v2\/users\/3"}],"replies":[{"embeddable":true,"href":"https:\/\/lyceepaulrobert.fr\/index.php\/wp-json\/wp\/v2\/comments?post=189"}],"version-history":[{"count":2,"href":"https:\/\/lyceepaulrobert.fr\/index.php\/wp-json\/wp\/v2\/pages\/189\/revisions"}],"predecessor-version":[{"id":288,"href":"https:\/\/lyceepaulrobert.fr\/index.php\/wp-json\/wp\/v2\/pages\/189\/revisions\/288"}],"wp:attachment":[{"href":"https:\/\/lyceepaulrobert.fr\/index.php\/wp-json\/wp\/v2\/media?parent=189"}],"curies":[{"name":"wp","href":"https:\/\/api.w.org\/{rel}","templated":true}]}}