{"id":192,"date":"2023-11-07T23:51:06","date_gmt":"2023-11-07T22:51:06","guid":{"rendered":"https:\/\/lyceepaulrobert.fr\/?page_id=192"},"modified":"2023-11-08T00:06:54","modified_gmt":"2023-11-07T23:06:54","slug":"concours-des-olympes-de-la-parole","status":"publish","type":"page","link":"https:\/\/lyceepaulrobert.fr\/index.php\/concours-des-olympes-de-la-parole\/","title":{"rendered":"Concours des Olympes de la parole"},"content":{"rendered":"\n<div class=\"wp-block-media-text is-stacked-on-mobile\"><figure class=\"wp-block-media-text__media\"><img loading=\"lazy\" decoding=\"async\" width=\"1024\" height=\"576\" src=\"https:\/\/lyceepaulrobert.fr\/wp-content\/uploads\/2023\/11\/Copie-de-20220530_162904-1024x576.jpg\" alt=\"\" class=\"wp-image-218 size-full\" srcset=\"https:\/\/lyceepaulrobert.fr\/wp-content\/uploads\/2023\/11\/Copie-de-20220530_162904-1024x576.jpg 1024w, https:\/\/lyceepaulrobert.fr\/wp-content\/uploads\/2023\/11\/Copie-de-20220530_162904-300x169.jpg 300w, https:\/\/lyceepaulrobert.fr\/wp-content\/uploads\/2023\/11\/Copie-de-20220530_162904-768x432.jpg 768w, https:\/\/lyceepaulrobert.fr\/wp-content\/uploads\/2023\/11\/Copie-de-20220530_162904-1536x864.jpg 1536w, https:\/\/lyceepaulrobert.fr\/wp-content\/uploads\/2023\/11\/Copie-de-20220530_162904-2048x1152.jpg 2048w\" sizes=\"auto, (max-width: 1024px) 100vw, 1024px\" \/><\/figure><div class=\"wp-block-media-text__content\">\n<p>Le 25 mai 2022, une classe de Seconde du lyc\u00e9e Paul Robert a gagn\u00e9 le 1er\u00a0prix dans la cat\u00e9gorie lyc\u00e9e du concours des Olympes de la parole, organis\u00e9 par l\u2019Association Fran\u00e7aise des Femmes Dipl\u00f4m\u00e9es d\u2019Universit\u00e9 (AFFDU), sous l\u2019\u00e9gide du Minist\u00e8re de l\u2019Education Nationale et de la Mission \u00e9galit\u00e9.\u00a0<\/p>\n<\/div><\/div>\n\n\n\n<p><a href=\"https:\/\/www.associationdesfemmesdiplomees.fr\/nos-actions\/olympes-de-la-parole\/olympes-de-la-parole-palmar%C3%A8s-2022\/\">https:\/\/www.associationdesfemmesdiplomees.fr\/nos-actions\/olympes-de-la-parole\/olympes-de-la-parole-palmar%C3%A8s-2022\/<\/a><\/p>\n\n\n\n<p>Jennifer Caux-Kherchouch, professeure de SES , et Servane Marzin, professeure d\u2019histoire-g\u00e9ographie, ont co-anim\u00e9 ce projet.<\/p>\n\n\n\n<ol class=\"wp-block-list\">\n<li>Pourquoi avoir voulu participer aux olympes de la parole en 2021-2022&nbsp;?<\/li>\n<\/ol>\n\n\n\n<p>Nous cherchions un projet de classe pour f\u00e9d\u00e9rer des \u00e9l\u00e8ves qui avaient des difficult\u00e9s \u00e0 travailler ensemble. Pour des raisons li\u00e9es \u00e0 nos engagements personnels et professionnels en faveur de l\u2019\u00e9galit\u00e9 et des droits des femmes, nous avions d\u00e9j\u00e0 rep\u00e9r\u00e9 le concours des Olympes de la parole l\u2019ann\u00e9e pr\u00e9c\u00e9dente, mais sans pouvoir concr\u00e9tiser notre participation. Puis, en juin 2021, nous avons appris que des \u00e9tudiants du d\u00e9partement de th\u00e9\u00e2tre de l\u2019universit\u00e9 Paris 8, dont notre lyc\u00e9e est partenaire dans le cadre des Cord\u00e9es de la R\u00e9ussite, pouvaient participer \u00e0 des projets dans les lyc\u00e9es. Cette opportunit\u00e9 nous a donn\u00e9 un cadre et nous a d\u00e9cid\u00e9 \u00e0 inscrire une classe.<\/p>\n\n\n\n<ol class=\"wp-block-list\" start=\"2\">\n<li>Quelle a \u00e9t\u00e9 l&rsquo;implication des \u00e9l\u00e8ves ?<\/li>\n<\/ol>\n\n\n\n<p>Le concours des Olympes de la parole reposant sur des productions vari\u00e9es (la constitution d\u2019un dossier de recherche d\u2019un c\u00f4t\u00e9, l\u2019\u00e9criture, la mise en sc\u00e8ne et le jeu d\u2019une sayn\u00e8te en lien avec le dossier de l\u2019autre), les \u00e9l\u00e8ves ont pu choisir la forme de leur participation, ce qui r\u00e9pondait \u00e0 notre objectif de d\u00e9part.&nbsp; Les moins \u00e0 l\u2019aise ont r\u00e9dig\u00e9 quelques lignes du dossier, les plus impliqu\u00e9s ont r\u00e9p\u00e9t\u00e9 pour jouer la sayn\u00e8te, d\u2019abord dans le cadre de la finale r\u00e9gionale, puis de la finale nationale. Mais tous les \u00e9l\u00e8ves ont particip\u00e9&nbsp;; c\u2019est une victoire collective qui a apport\u00e9 du lien \u00e0 la classe.<\/p>\n\n\n\n<ol class=\"wp-block-list\" start=\"3\">\n<li>Comment expliquez-vous votre r\u00e9ussite \u00e0 ce concours ?<\/li>\n<\/ol>\n\n\n\n<p>Nous avons gagn\u00e9 du temps et donn\u00e9 de la profondeur au travail des \u00e9l\u00e8ves en s\u00e9lectionnant des documents plut\u00f4t qu\u2019en partant de recherches personnelles. Cela nous a permis de travailler plus longuement le traitement des donn\u00e9es et la production des \u00e9crits, souvent d\u00e9licats pour les \u00e9l\u00e8ves.<\/p>\n\n\n\n<p>Nous avons aussi grandement b\u00e9n\u00e9fici\u00e9 des conseils et de l\u2019accompagnement des \u00e9tudiants en th\u00e9\u00e2tre qui ont adh\u00e9r\u00e9 \u00e0 notre projet et l\u2019ont port\u00e9 jusqu\u2019\u00e0 la grande finale&nbsp;; nous conseillons vivement aux coll\u00e8gues int\u00e9ress\u00e9s de s\u2019appuyer sur des sp\u00e9cialistes de th\u00e9\u00e2tre ou de mise en sc\u00e8ne, que ce soit dans le cadre d\u2019un partenariat, de ressources internes, de lectures\u2026&nbsp;<\/p>\n\n\n\n<p>Enfin, les \u00e9l\u00e8ves ont travaill\u00e9 sur un horaire d\u00e9di\u00e9 d\u2019une heure hebdomadaire entre janvier et avril. Cela a \u00e9t\u00e9 possible gr\u00e2ce \u00e0 la mobilisation de moyens.<\/p>\n","protected":false},"excerpt":{"rendered":"<p>Le 25 mai 2022, une classe de Seconde du lyc\u00e9e Paul Robert a gagn\u00e9 le 1er\u00a0prix dans la cat\u00e9gorie lyc\u00e9e &hellip; <\/p>\n","protected":false},"author":3,"featured_media":217,"parent":0,"menu_order":0,"comment_status":"closed","ping_status":"closed","template":"","meta":{"footnotes":""},"class_list":["post-192","page","type-page","status-publish","has-post-thumbnail","hentry"],"yoast_head":"<!-- This site is optimized with the Yoast SEO plugin v22.5 - https:\/\/yoast.com\/wordpress\/plugins\/seo\/ -->\n<title>Concours des Olympes de la parole - Lyc\u00e9e Polyvalent Paul Robert<\/title>\n<meta name=\"robots\" content=\"index, follow, max-snippet:-1, max-image-preview:large, max-video-preview:-1\" \/>\n<link rel=\"canonical\" href=\"https:\/\/lyceepaulrobert.fr\/index.php\/concours-des-olympes-de-la-parole\/\" \/>\n<meta property=\"og:locale\" content=\"fr_FR\" \/>\n<meta property=\"og:type\" content=\"article\" \/>\n<meta property=\"og:title\" content=\"Concours des Olympes de la parole - Lyc\u00e9e Polyvalent Paul Robert\" \/>\n<meta property=\"og:description\" content=\"Le 25 mai 2022, une classe de Seconde du lyc\u00e9e Paul Robert a gagn\u00e9 le 1er\u00a0prix dans la cat\u00e9gorie lyc\u00e9e &hellip;\" \/>\n<meta property=\"og:url\" content=\"https:\/\/lyceepaulrobert.fr\/index.php\/concours-des-olympes-de-la-parole\/\" \/>\n<meta property=\"og:site_name\" content=\"Lyc\u00e9e Polyvalent Paul Robert\" \/>\n<meta property=\"article:modified_time\" content=\"2023-11-07T23:06:54+00:00\" \/>\n<meta property=\"og:image\" content=\"https:\/\/lyceepaulrobert.fr\/wp-content\/uploads\/2023\/11\/Copie-de-20220530_102518-scaled.jpg\" \/>\n\t<meta property=\"og:image:width\" content=\"2560\" \/>\n\t<meta property=\"og:image:height\" content=\"1440\" \/>\n\t<meta property=\"og:image:type\" content=\"image\/jpeg\" \/>\n<meta name=\"twitter:card\" content=\"summary_large_image\" \/>\n<meta name=\"twitter:label1\" content=\"Dur\u00e9e de lecture estim\u00e9e\" \/>\n\t<meta name=\"twitter:data1\" content=\"3 minutes\" \/>\n<script type=\"application\/ld+json\" class=\"yoast-schema-graph\">{\"@context\":\"https:\/\/schema.org\",\"@graph\":[{\"@type\":\"WebPage\",\"@id\":\"https:\/\/lyceepaulrobert.fr\/index.php\/concours-des-olympes-de-la-parole\/\",\"url\":\"https:\/\/lyceepaulrobert.fr\/index.php\/concours-des-olympes-de-la-parole\/\",\"name\":\"Concours des Olympes de la parole - Lyc\u00e9e Polyvalent Paul Robert\",\"isPartOf\":{\"@id\":\"https:\/\/lyceepaulrobert.fr\/#website\"},\"primaryImageOfPage\":{\"@id\":\"https:\/\/lyceepaulrobert.fr\/index.php\/concours-des-olympes-de-la-parole\/#primaryimage\"},\"image\":{\"@id\":\"https:\/\/lyceepaulrobert.fr\/index.php\/concours-des-olympes-de-la-parole\/#primaryimage\"},\"thumbnailUrl\":\"https:\/\/lyceepaulrobert.fr\/wp-content\/uploads\/2023\/11\/Copie-de-20220530_102518-scaled.jpg\",\"datePublished\":\"2023-11-07T22:51:06+00:00\",\"dateModified\":\"2023-11-07T23:06:54+00:00\",\"breadcrumb\":{\"@id\":\"https:\/\/lyceepaulrobert.fr\/index.php\/concours-des-olympes-de-la-parole\/#breadcrumb\"},\"inLanguage\":\"fr-FR\",\"potentialAction\":[{\"@type\":\"ReadAction\",\"target\":[\"https:\/\/lyceepaulrobert.fr\/index.php\/concours-des-olympes-de-la-parole\/\"]}]},{\"@type\":\"ImageObject\",\"inLanguage\":\"fr-FR\",\"@id\":\"https:\/\/lyceepaulrobert.fr\/index.php\/concours-des-olympes-de-la-parole\/#primaryimage\",\"url\":\"https:\/\/lyceepaulrobert.fr\/wp-content\/uploads\/2023\/11\/Copie-de-20220530_102518-scaled.jpg\",\"contentUrl\":\"https:\/\/lyceepaulrobert.fr\/wp-content\/uploads\/2023\/11\/Copie-de-20220530_102518-scaled.jpg\",\"width\":2560,\"height\":1440},{\"@type\":\"BreadcrumbList\",\"@id\":\"https:\/\/lyceepaulrobert.fr\/index.php\/concours-des-olympes-de-la-parole\/#breadcrumb\",\"itemListElement\":[{\"@type\":\"ListItem\",\"position\":1,\"name\":\"Accueil\",\"item\":\"https:\/\/lyceepaulrobert.fr\/\"},{\"@type\":\"ListItem\",\"position\":2,\"name\":\"Concours des Olympes de la parole\"}]},{\"@type\":\"WebSite\",\"@id\":\"https:\/\/lyceepaulrobert.fr\/#website\",\"url\":\"https:\/\/lyceepaulrobert.fr\/\",\"name\":\"Lyc\u00e9e Polyvalent Paul Robert\",\"description\":\"\",\"potentialAction\":[{\"@type\":\"SearchAction\",\"target\":{\"@type\":\"EntryPoint\",\"urlTemplate\":\"https:\/\/lyceepaulrobert.fr\/?s={search_term_string}\"},\"query-input\":\"required name=search_term_string\"}],\"inLanguage\":\"fr-FR\"}]}<\/script>\n<!-- \/ Yoast SEO plugin. -->","yoast_head_json":{"title":"Concours des Olympes de la parole - Lyc\u00e9e Polyvalent Paul Robert","robots":{"index":"index","follow":"follow","max-snippet":"max-snippet:-1","max-image-preview":"max-image-preview:large","max-video-preview":"max-video-preview:-1"},"canonical":"https:\/\/lyceepaulrobert.fr\/index.php\/concours-des-olympes-de-la-parole\/","og_locale":"fr_FR","og_type":"article","og_title":"Concours des Olympes de la parole - Lyc\u00e9e Polyvalent Paul Robert","og_description":"Le 25 mai 2022, une classe de Seconde du lyc\u00e9e Paul Robert a gagn\u00e9 le 1er\u00a0prix dans la cat\u00e9gorie lyc\u00e9e &hellip;","og_url":"https:\/\/lyceepaulrobert.fr\/index.php\/concours-des-olympes-de-la-parole\/","og_site_name":"Lyc\u00e9e Polyvalent Paul Robert","article_modified_time":"2023-11-07T23:06:54+00:00","og_image":[{"width":2560,"height":1440,"url":"https:\/\/lyceepaulrobert.fr\/wp-content\/uploads\/2023\/11\/Copie-de-20220530_102518-scaled.jpg","type":"image\/jpeg"}],"twitter_card":"summary_large_image","twitter_misc":{"Dur\u00e9e de lecture estim\u00e9e":"3 minutes"},"schema":{"@context":"https:\/\/schema.org","@graph":[{"@type":"WebPage","@id":"https:\/\/lyceepaulrobert.fr\/index.php\/concours-des-olympes-de-la-parole\/","url":"https:\/\/lyceepaulrobert.fr\/index.php\/concours-des-olympes-de-la-parole\/","name":"Concours des Olympes de la parole - Lyc\u00e9e Polyvalent Paul Robert","isPartOf":{"@id":"https:\/\/lyceepaulrobert.fr\/#website"},"primaryImageOfPage":{"@id":"https:\/\/lyceepaulrobert.fr\/index.php\/concours-des-olympes-de-la-parole\/#primaryimage"},"image":{"@id":"https:\/\/lyceepaulrobert.fr\/index.php\/concours-des-olympes-de-la-parole\/#primaryimage"},"thumbnailUrl":"https:\/\/lyceepaulrobert.fr\/wp-content\/uploads\/2023\/11\/Copie-de-20220530_102518-scaled.jpg","datePublished":"2023-11-07T22:51:06+00:00","dateModified":"2023-11-07T23:06:54+00:00","breadcrumb":{"@id":"https:\/\/lyceepaulrobert.fr\/index.php\/concours-des-olympes-de-la-parole\/#breadcrumb"},"inLanguage":"fr-FR","potentialAction":[{"@type":"ReadAction","target":["https:\/\/lyceepaulrobert.fr\/index.php\/concours-des-olympes-de-la-parole\/"]}]},{"@type":"ImageObject","inLanguage":"fr-FR","@id":"https:\/\/lyceepaulrobert.fr\/index.php\/concours-des-olympes-de-la-parole\/#primaryimage","url":"https:\/\/lyceepaulrobert.fr\/wp-content\/uploads\/2023\/11\/Copie-de-20220530_102518-scaled.jpg","contentUrl":"https:\/\/lyceepaulrobert.fr\/wp-content\/uploads\/2023\/11\/Copie-de-20220530_102518-scaled.jpg","width":2560,"height":1440},{"@type":"BreadcrumbList","@id":"https:\/\/lyceepaulrobert.fr\/index.php\/concours-des-olympes-de-la-parole\/#breadcrumb","itemListElement":[{"@type":"ListItem","position":1,"name":"Accueil","item":"https:\/\/lyceepaulrobert.fr\/"},{"@type":"ListItem","position":2,"name":"Concours des Olympes de la parole"}]},{"@type":"WebSite","@id":"https:\/\/lyceepaulrobert.fr\/#website","url":"https:\/\/lyceepaulrobert.fr\/","name":"Lyc\u00e9e Polyvalent Paul Robert","description":"","potentialAction":[{"@type":"SearchAction","target":{"@type":"EntryPoint","urlTemplate":"https:\/\/lyceepaulrobert.fr\/?s={search_term_string}"},"query-input":"required name=search_term_string"}],"inLanguage":"fr-FR"}]}},"_links":{"self":[{"href":"https:\/\/lyceepaulrobert.fr\/index.php\/wp-json\/wp\/v2\/pages\/192","targetHints":{"allow":["GET"]}}],"collection":[{"href":"https:\/\/lyceepaulrobert.fr\/index.php\/wp-json\/wp\/v2\/pages"}],"about":[{"href":"https:\/\/lyceepaulrobert.fr\/index.php\/wp-json\/wp\/v2\/types\/page"}],"author":[{"embeddable":true,"href":"https:\/\/lyceepaulrobert.fr\/index.php\/wp-json\/wp\/v2\/users\/3"}],"replies":[{"embeddable":true,"href":"https:\/\/lyceepaulrobert.fr\/index.php\/wp-json\/wp\/v2\/comments?post=192"}],"version-history":[{"count":2,"href":"https:\/\/lyceepaulrobert.fr\/index.php\/wp-json\/wp\/v2\/pages\/192\/revisions"}],"predecessor-version":[{"id":220,"href":"https:\/\/lyceepaulrobert.fr\/index.php\/wp-json\/wp\/v2\/pages\/192\/revisions\/220"}],"wp:featuredmedia":[{"embeddable":true,"href":"https:\/\/lyceepaulrobert.fr\/index.php\/wp-json\/wp\/v2\/media\/217"}],"wp:attachment":[{"href":"https:\/\/lyceepaulrobert.fr\/index.php\/wp-json\/wp\/v2\/media?parent=192"}],"curies":[{"name":"wp","href":"https:\/\/api.w.org\/{rel}","templated":true}]}}