{"id":2,"date":"2023-04-22T16:16:25","date_gmt":"2023-04-22T14:16:25","guid":{"rendered":"http:\/\/lyceepaulrobert.fr\/?page_id=2"},"modified":"2024-04-23T14:08:02","modified_gmt":"2024-04-23T12:08:02","slug":"page-d-exemple","status":"publish","type":"page","link":"https:\/\/lyceepaulrobert.fr\/","title":{"rendered":"Accueil"},"content":{"rendered":"\n<p><strong>Mot du proviseur<\/strong><\/p>\n\n\n\n<p><em>Bienvenue sur le site du lyc\u00e9e Paul Robert<\/em><\/p>\n\n\n\n<p><em>C&rsquo;est avec un grand plaisir que je vous accueille, au nom, de tous les personnels de l&rsquo;\u00e9tablissement, sur le site du lyc\u00e9e.<\/em><\/p>\n\n\n\n<p><em>Que vous soyez \u00e9l\u00e8ves, parents, actuels ou futurs, personnels actuels ou futurs, nous esp\u00e9rons que vous y trouverez les informations que vous recherchez.<\/em><\/p>\n\n\n\n<p><em>Vous allez d\u00e9sormais pouvoir partir \u00e0 la d\u00e9couverte de l&rsquo;\u00e9tablissement, dans toutes ses dimensions, et d\u00e9couvrir au fil des pages, au d\u00e9tour d&rsquo;un article la richesse de notre lyc\u00e9e.<\/em><\/p>\n\n\n\n<p><em>Situ\u00e9 sur la commune des Lilas, le lyc\u00e9e b\u00e9n\u00e9ficie d&rsquo;un bel environnement, de locaux de qualit\u00e9 et d&rsquo;une architecture remarquable.<\/em><\/p>\n\n\n\n<p><em>Inaugur\u00e9 le 5 mars 1994, ce lyc\u00e9e, \u00e0 taille humaine accueille actuellement un peu moins de 750 \u00e9l\u00e8ves de la voie g\u00e9n\u00e9rale, technologique et professionnelle.<\/em><\/p>\n\n\n\n<p><em>Ils sont encadr\u00e9s par une centaine de personnels, engag\u00e9s et soucieux de la r\u00e9ussite de chacun d&rsquo;entre eux.<\/em><\/p>\n\n\n\n<p><em>La dimension humaine du lyc\u00e9e favorise \u00e9galement la coh\u00e9sion de la communaut\u00e9 \u00e9ducative, le travail en \u00e9quipe et le suivi individualis\u00e9 des \u00e9l\u00e8ves.<\/em><\/p>\n\n\n\n<p><em>Le lyc\u00e9e propose une offre de formation riche et diversifi\u00e9e afin de permettre \u00e0 chaque \u00e9l\u00e8ve de construire un parcours de formation ambitieux et de r\u00e9ussite de la classe de seconde \u00e0 la terminale.<\/em><\/p>\n\n\n\n<p><em>La qualit\u00e9 des enseignements, de l&rsquo;encadrement et de l&rsquo;accueil des \u00e9l\u00e8ve, garante de la r\u00e9ussite aux examens est le fruit de la mobilisation des quelques cent personnels travaillant au lyc\u00e9e.<\/em><\/p>\n\n\n\n<p><em>La diversit\u00e9 et la richesse des projets p\u00e9dagogiques et \u00e9ducatifs, le soin apport\u00e9 \u00e0 l&rsquo;accompagnement personnalis\u00e9 des \u00e9l\u00e8ves et le dynamisme des \u00e9quipes sont autant d&rsquo;atouts favorisant la renomm\u00e9e du lyc\u00e9e et surtout la r\u00e9ussite des \u00e9l\u00e8ves.<\/em><\/p>\n\n\n\n<p><em>Les ann\u00e9es lyc\u00e9e constituent un passage vers l&rsquo;\u00e2ge adulte et l&rsquo;enseignement sup\u00e9rieur. Notre lyc\u00e9e est un lieu de travail et d&rsquo;avenir o\u00f9 nous veillons \u00e0 faciliter l&rsquo;int\u00e9gration de tous les \u00e9l\u00e8ves, \u00e0 maintenir un climat de respect propice aux apprentissages, de confiance et d&rsquo;\u00e9coute mais \u00e9galement \u00e0 conforter le respect des valeurs qui nous unissent.<\/em><\/p>\n\n\n\n<p><em>L&rsquo;ambition de notre communaut\u00e9 scolaire, professionnelle et dynamique et particuli\u00e8rement attentive \u00e0 la r\u00e9ussite de tous les \u00e9l\u00e8ves est de promouvoir la construction et l&rsquo;acquisition des comp\u00e9tences et des connaissances afin de permettre \u00e0 chaque \u00e9l\u00e8ve de construire un projet scolaire abouti et \u00e9panouissant tout en favorisant l&rsquo;enrichissement culturel et citoyen de nos \u00e9l\u00e8ves.<\/em><\/p>\n\n\n\n<p><em>Je vous souhaite une bonne visite.<\/em><\/p>\n\n\n\n<p><em>Le Proviseur<\/em><\/p>\n\n\n\n<p><em>Alex Picherie<\/em><\/p>\n","protected":false},"excerpt":{"rendered":"<p>Mot du proviseur Bienvenue sur le site du lyc\u00e9e Paul Robert C&rsquo;est avec un grand plaisir que je vous accueille, &hellip; <\/p>\n","protected":false},"author":1,"featured_media":0,"parent":0,"menu_order":0,"comment_status":"closed","ping_status":"open","template":"","meta":{"footnotes":""},"class_list":["post-2","page","type-page","status-publish","hentry"],"yoast_head":"<!-- This site is optimized with the Yoast SEO plugin v22.5 - https:\/\/yoast.com\/wordpress\/plugins\/seo\/ -->\n<title>Accueil - Lyc\u00e9e Polyvalent Paul Robert<\/title>\n<meta name=\"robots\" content=\"index, follow, max-snippet:-1, max-image-preview:large, max-video-preview:-1\" \/>\n<link rel=\"canonical\" href=\"https:\/\/lyceepaulrobert.fr\/\" \/>\n<meta property=\"og:locale\" content=\"fr_FR\" \/>\n<meta property=\"og:type\" content=\"article\" \/>\n<meta property=\"og:title\" content=\"Accueil - Lyc\u00e9e Polyvalent Paul Robert\" \/>\n<meta property=\"og:description\" content=\"Mot du proviseur Bienvenue sur le site du lyc\u00e9e Paul Robert C&rsquo;est avec un grand plaisir que je vous accueille, &hellip;\" \/>\n<meta property=\"og:url\" content=\"https:\/\/lyceepaulrobert.fr\/\" \/>\n<meta property=\"og:site_name\" content=\"Lyc\u00e9e Polyvalent Paul Robert\" \/>\n<meta property=\"article:modified_time\" content=\"2024-04-23T12:08:02+00:00\" \/>\n<meta name=\"twitter:card\" content=\"summary_large_image\" \/>\n<meta name=\"twitter:label1\" content=\"Dur\u00e9e de lecture estim\u00e9e\" \/>\n\t<meta name=\"twitter:data1\" content=\"2 minutes\" \/>\n<script type=\"application\/ld+json\" class=\"yoast-schema-graph\">{\"@context\":\"https:\/\/schema.org\",\"@graph\":[{\"@type\":\"WebPage\",\"@id\":\"https:\/\/lyceepaulrobert.fr\/\",\"url\":\"https:\/\/lyceepaulrobert.fr\/\",\"name\":\"Accueil - Lyc\u00e9e Polyvalent Paul Robert\",\"isPartOf\":{\"@id\":\"https:\/\/lyceepaulrobert.fr\/#website\"},\"datePublished\":\"2023-04-22T14:16:25+00:00\",\"dateModified\":\"2024-04-23T12:08:02+00:00\",\"breadcrumb\":{\"@id\":\"https:\/\/lyceepaulrobert.fr\/#breadcrumb\"},\"inLanguage\":\"fr-FR\",\"potentialAction\":[{\"@type\":\"ReadAction\",\"target\":[\"https:\/\/lyceepaulrobert.fr\/\"]}]},{\"@type\":\"BreadcrumbList\",\"@id\":\"https:\/\/lyceepaulrobert.fr\/#breadcrumb\",\"itemListElement\":[{\"@type\":\"ListItem\",\"position\":1,\"name\":\"Accueil\",\"item\":\"https:\/\/lyceepaulrobert.fr\/\"},{\"@type\":\"ListItem\",\"position\":2,\"name\":\"Accueil\"}]},{\"@type\":\"WebSite\",\"@id\":\"https:\/\/lyceepaulrobert.fr\/#website\",\"url\":\"https:\/\/lyceepaulrobert.fr\/\",\"name\":\"Lyc\u00e9e Polyvalent Paul Robert\",\"description\":\"\",\"potentialAction\":[{\"@type\":\"SearchAction\",\"target\":{\"@type\":\"EntryPoint\",\"urlTemplate\":\"https:\/\/lyceepaulrobert.fr\/?s={search_term_string}\"},\"query-input\":\"required name=search_term_string\"}],\"inLanguage\":\"fr-FR\"}]}<\/script>\n<!-- \/ Yoast SEO plugin. -->","yoast_head_json":{"title":"Accueil - Lyc\u00e9e Polyvalent Paul Robert","robots":{"index":"index","follow":"follow","max-snippet":"max-snippet:-1","max-image-preview":"max-image-preview:large","max-video-preview":"max-video-preview:-1"},"canonical":"https:\/\/lyceepaulrobert.fr\/","og_locale":"fr_FR","og_type":"article","og_title":"Accueil - Lyc\u00e9e Polyvalent Paul Robert","og_description":"Mot du proviseur Bienvenue sur le site du lyc\u00e9e Paul Robert C&rsquo;est avec un grand plaisir que je vous accueille, &hellip;","og_url":"https:\/\/lyceepaulrobert.fr\/","og_site_name":"Lyc\u00e9e Polyvalent Paul Robert","article_modified_time":"2024-04-23T12:08:02+00:00","twitter_card":"summary_large_image","twitter_misc":{"Dur\u00e9e de lecture estim\u00e9e":"2 minutes"},"schema":{"@context":"https:\/\/schema.org","@graph":[{"@type":"WebPage","@id":"https:\/\/lyceepaulrobert.fr\/","url":"https:\/\/lyceepaulrobert.fr\/","name":"Accueil - Lyc\u00e9e Polyvalent Paul Robert","isPartOf":{"@id":"https:\/\/lyceepaulrobert.fr\/#website"},"datePublished":"2023-04-22T14:16:25+00:00","dateModified":"2024-04-23T12:08:02+00:00","breadcrumb":{"@id":"https:\/\/lyceepaulrobert.fr\/#breadcrumb"},"inLanguage":"fr-FR","potentialAction":[{"@type":"ReadAction","target":["https:\/\/lyceepaulrobert.fr\/"]}]},{"@type":"BreadcrumbList","@id":"https:\/\/lyceepaulrobert.fr\/#breadcrumb","itemListElement":[{"@type":"ListItem","position":1,"name":"Accueil","item":"https:\/\/lyceepaulrobert.fr\/"},{"@type":"ListItem","position":2,"name":"Accueil"}]},{"@type":"WebSite","@id":"https:\/\/lyceepaulrobert.fr\/#website","url":"https:\/\/lyceepaulrobert.fr\/","name":"Lyc\u00e9e Polyvalent Paul Robert","description":"","potentialAction":[{"@type":"SearchAction","target":{"@type":"EntryPoint","urlTemplate":"https:\/\/lyceepaulrobert.fr\/?s={search_term_string}"},"query-input":"required name=search_term_string"}],"inLanguage":"fr-FR"}]}},"_links":{"self":[{"href":"https:\/\/lyceepaulrobert.fr\/index.php\/wp-json\/wp\/v2\/pages\/2","targetHints":{"allow":["GET"]}}],"collection":[{"href":"https:\/\/lyceepaulrobert.fr\/index.php\/wp-json\/wp\/v2\/pages"}],"about":[{"href":"https:\/\/lyceepaulrobert.fr\/index.php\/wp-json\/wp\/v2\/types\/page"}],"author":[{"embeddable":true,"href":"https:\/\/lyceepaulrobert.fr\/index.php\/wp-json\/wp\/v2\/users\/1"}],"replies":[{"embeddable":true,"href":"https:\/\/lyceepaulrobert.fr\/index.php\/wp-json\/wp\/v2\/comments?post=2"}],"version-history":[{"count":3,"href":"https:\/\/lyceepaulrobert.fr\/index.php\/wp-json\/wp\/v2\/pages\/2\/revisions"}],"predecessor-version":[{"id":233,"href":"https:\/\/lyceepaulrobert.fr\/index.php\/wp-json\/wp\/v2\/pages\/2\/revisions\/233"}],"wp:attachment":[{"href":"https:\/\/lyceepaulrobert.fr\/index.php\/wp-json\/wp\/v2\/media?parent=2"}],"curies":[{"name":"wp","href":"https:\/\/api.w.org\/{rel}","templated":true}]}}