{"id":261,"date":"2024-04-23T23:41:53","date_gmt":"2024-04-23T21:41:53","guid":{"rendered":"https:\/\/lyceepaulrobert.fr\/?page_id=261"},"modified":"2025-03-31T14:55:54","modified_gmt":"2025-03-31T12:55:54","slug":"langue-vivante-espagnole","status":"publish","type":"page","link":"https:\/\/lyceepaulrobert.fr\/index.php\/langue-vivante-espagnole\/","title":{"rendered":"Langue vivante: Espagnole"},"content":{"rendered":"\n<p>Le Lyc\u00e9e Paul Robert propose en langue vivante B (LVB) l\u2019\u00e9tude de l\u2019espagnol. La LVB espagnol est un enseignement du tronc commun et son programme est bas\u00e9 sur les niveaux du Cadre europ\u00e9en de r\u00e9f\u00e9rence. Ainsi, les \u00e9l\u00e8ves sont amen\u00e9s \u00e0 travailler les comp\u00e9tences telles que l\u2019expression et la compr\u00e9hension de l\u2019oral et de l\u2019\u00e9crit. Tout cela encadr\u00e9 dans les nouveaux axes d\u2019\u00e9tude comme \u00ab&nbsp;Vivre entre g\u00e9n\u00e9rations&nbsp;\u00bb, \u00ab&nbsp;Identit\u00e9 et \u00e9changes&nbsp;\u00bb ou \u00ab&nbsp;Territoire et m\u00e9moire&nbsp;\u00bb, entre autres. Au Lyc\u00e9e Paul Robert, l\u2019espagnol a un ancrage culturel tr\u00e8s important. Cela est un atout qui enrichit la culture g\u00e9n\u00e9rale de nos \u00e9l\u00e8ves gr\u00e2ce \u00e0 l\u2019\u00e9tude de documents vari\u00e9s qui abordent la litt\u00e9rature, la peinture, le cin\u00e9ma et l\u2019actualit\u00e9 du monde hispanique.<\/p>\n\n\n\n<p>Les \u00e9l\u00e8ves de Seconde ont 2.75h d\u2019espagnol par semaine (trois heures par semaine le premier semestre et puis 2.5 h le deuxi\u00e8me semestre). Les \u00e9l\u00e8ves de Premi\u00e8re ont 2.25h (2.5h par semaine le premier semestre et puis 2h le deuxi\u00e8me semestre) et les \u00e9l\u00e8ves de Terminale 2h par semaine tout au long de l\u2019ann\u00e9e.<\/p>\n\n\n\n<p>De plus, le lyc\u00e9e Paul Robert propose depuis 3 ans l\u2019option europ\u00e9enne DNL\/Histoire-G\u00e9ographie (DNL=Discipline non linguistique) d\u00e8s la classe de seconde pour les \u00e9l\u00e8ves qui souhaitent aller plus loin sur la connaissance du monde hispanique.<\/p>\n\n\n\n<p>La DNL offre une ouverture culturelle tr\u00e8s importante dans les domaines de l\u2019histoire et la g\u00e9ographie du monde hispanique. Les groupes r\u00e9duits (entre 10 et 15 \u00e9l\u00e8ves) permettent aux \u00e9l\u00e8ves de travailler diff\u00e9remment (notamment l\u2019expression orale) les chapitres propos\u00e9s dans les deux mati\u00e8res. Les \u00e9l\u00e8ves de la DNL ont une heure de cours par semaine avec le professeur r\u00e9f\u00e9rent (H-G) et une heure de cours par semaine avec un professeur d\u2019espagnol.<\/p>\n\n\n\n<p>La scolarit\u00e9 en section europ\u00e9enne permet aux candidats au baccalaur\u00e9at de se pr\u00e9senter \u00e0 une \u00e9valuation sp\u00e9cifique, en vue d\u2019obtenir l\u2019indication \u00ab&nbsp;section europ\u00e9enne&nbsp;en espagnol \u00bb sur leur dipl\u00f4me du baccalaur\u00e9at. Cette option est \u00e9galement un atout pour Parcoursup.<\/p>\n\n\n\n<p>L\u2019\u00e9quipe d\u2019espagnol, en place depuis des ann\u00e9es, est constitu\u00e9e par trois enseignants Mme Suarez, Mme Zaouani et M. Gonz\u00e1lez.<\/p>\n","protected":false},"excerpt":{"rendered":"<p>Le Lyc\u00e9e Paul Robert propose en langue vivante B (LVB) l\u2019\u00e9tude de l\u2019espagnol. La LVB espagnol est un enseignement du &hellip; <\/p>\n","protected":false},"author":3,"featured_media":0,"parent":0,"menu_order":0,"comment_status":"closed","ping_status":"closed","template":"","meta":{"footnotes":""},"class_list":["post-261","page","type-page","status-publish","hentry"],"yoast_head":"<!-- This site is optimized with the Yoast SEO plugin v22.5 - https:\/\/yoast.com\/wordpress\/plugins\/seo\/ -->\n<title>Langue vivante: Espagnole - Lyc\u00e9e Polyvalent Paul Robert<\/title>\n<meta name=\"robots\" content=\"index, follow, max-snippet:-1, max-image-preview:large, max-video-preview:-1\" \/>\n<link rel=\"canonical\" href=\"https:\/\/lyceepaulrobert.fr\/index.php\/langue-vivante-espagnole\/\" \/>\n<meta property=\"og:locale\" content=\"fr_FR\" \/>\n<meta property=\"og:type\" content=\"article\" \/>\n<meta property=\"og:title\" content=\"Langue vivante: Espagnole - Lyc\u00e9e Polyvalent Paul Robert\" \/>\n<meta property=\"og:description\" content=\"Le Lyc\u00e9e Paul Robert propose en langue vivante B (LVB) l\u2019\u00e9tude de l\u2019espagnol. La LVB espagnol est un enseignement du &hellip;\" \/>\n<meta property=\"og:url\" content=\"https:\/\/lyceepaulrobert.fr\/index.php\/langue-vivante-espagnole\/\" \/>\n<meta property=\"og:site_name\" content=\"Lyc\u00e9e Polyvalent Paul Robert\" \/>\n<meta property=\"article:modified_time\" content=\"2025-03-31T12:55:54+00:00\" \/>\n<meta name=\"twitter:card\" content=\"summary_large_image\" \/>\n<meta name=\"twitter:label1\" content=\"Dur\u00e9e de lecture estim\u00e9e\" \/>\n\t<meta name=\"twitter:data1\" content=\"2 minutes\" \/>\n<script type=\"application\/ld+json\" class=\"yoast-schema-graph\">{\"@context\":\"https:\/\/schema.org\",\"@graph\":[{\"@type\":\"WebPage\",\"@id\":\"https:\/\/lyceepaulrobert.fr\/index.php\/langue-vivante-espagnole\/\",\"url\":\"https:\/\/lyceepaulrobert.fr\/index.php\/langue-vivante-espagnole\/\",\"name\":\"Langue vivante: Espagnole - Lyc\u00e9e Polyvalent Paul Robert\",\"isPartOf\":{\"@id\":\"https:\/\/lyceepaulrobert.fr\/#website\"},\"datePublished\":\"2024-04-23T21:41:53+00:00\",\"dateModified\":\"2025-03-31T12:55:54+00:00\",\"breadcrumb\":{\"@id\":\"https:\/\/lyceepaulrobert.fr\/index.php\/langue-vivante-espagnole\/#breadcrumb\"},\"inLanguage\":\"fr-FR\",\"potentialAction\":[{\"@type\":\"ReadAction\",\"target\":[\"https:\/\/lyceepaulrobert.fr\/index.php\/langue-vivante-espagnole\/\"]}]},{\"@type\":\"BreadcrumbList\",\"@id\":\"https:\/\/lyceepaulrobert.fr\/index.php\/langue-vivante-espagnole\/#breadcrumb\",\"itemListElement\":[{\"@type\":\"ListItem\",\"position\":1,\"name\":\"Accueil\",\"item\":\"https:\/\/lyceepaulrobert.fr\/\"},{\"@type\":\"ListItem\",\"position\":2,\"name\":\"Langue vivante: Espagnole\"}]},{\"@type\":\"WebSite\",\"@id\":\"https:\/\/lyceepaulrobert.fr\/#website\",\"url\":\"https:\/\/lyceepaulrobert.fr\/\",\"name\":\"Lyc\u00e9e Polyvalent Paul Robert\",\"description\":\"\",\"potentialAction\":[{\"@type\":\"SearchAction\",\"target\":{\"@type\":\"EntryPoint\",\"urlTemplate\":\"https:\/\/lyceepaulrobert.fr\/?s={search_term_string}\"},\"query-input\":\"required name=search_term_string\"}],\"inLanguage\":\"fr-FR\"}]}<\/script>\n<!-- \/ Yoast SEO plugin. -->","yoast_head_json":{"title":"Langue vivante: Espagnole - Lyc\u00e9e Polyvalent Paul Robert","robots":{"index":"index","follow":"follow","max-snippet":"max-snippet:-1","max-image-preview":"max-image-preview:large","max-video-preview":"max-video-preview:-1"},"canonical":"https:\/\/lyceepaulrobert.fr\/index.php\/langue-vivante-espagnole\/","og_locale":"fr_FR","og_type":"article","og_title":"Langue vivante: Espagnole - Lyc\u00e9e Polyvalent Paul Robert","og_description":"Le Lyc\u00e9e Paul Robert propose en langue vivante B (LVB) l\u2019\u00e9tude de l\u2019espagnol. La LVB espagnol est un enseignement du &hellip;","og_url":"https:\/\/lyceepaulrobert.fr\/index.php\/langue-vivante-espagnole\/","og_site_name":"Lyc\u00e9e Polyvalent Paul Robert","article_modified_time":"2025-03-31T12:55:54+00:00","twitter_card":"summary_large_image","twitter_misc":{"Dur\u00e9e de lecture estim\u00e9e":"2 minutes"},"schema":{"@context":"https:\/\/schema.org","@graph":[{"@type":"WebPage","@id":"https:\/\/lyceepaulrobert.fr\/index.php\/langue-vivante-espagnole\/","url":"https:\/\/lyceepaulrobert.fr\/index.php\/langue-vivante-espagnole\/","name":"Langue vivante: Espagnole - Lyc\u00e9e Polyvalent Paul Robert","isPartOf":{"@id":"https:\/\/lyceepaulrobert.fr\/#website"},"datePublished":"2024-04-23T21:41:53+00:00","dateModified":"2025-03-31T12:55:54+00:00","breadcrumb":{"@id":"https:\/\/lyceepaulrobert.fr\/index.php\/langue-vivante-espagnole\/#breadcrumb"},"inLanguage":"fr-FR","potentialAction":[{"@type":"ReadAction","target":["https:\/\/lyceepaulrobert.fr\/index.php\/langue-vivante-espagnole\/"]}]},{"@type":"BreadcrumbList","@id":"https:\/\/lyceepaulrobert.fr\/index.php\/langue-vivante-espagnole\/#breadcrumb","itemListElement":[{"@type":"ListItem","position":1,"name":"Accueil","item":"https:\/\/lyceepaulrobert.fr\/"},{"@type":"ListItem","position":2,"name":"Langue vivante: Espagnole"}]},{"@type":"WebSite","@id":"https:\/\/lyceepaulrobert.fr\/#website","url":"https:\/\/lyceepaulrobert.fr\/","name":"Lyc\u00e9e Polyvalent Paul Robert","description":"","potentialAction":[{"@type":"SearchAction","target":{"@type":"EntryPoint","urlTemplate":"https:\/\/lyceepaulrobert.fr\/?s={search_term_string}"},"query-input":"required name=search_term_string"}],"inLanguage":"fr-FR"}]}},"_links":{"self":[{"href":"https:\/\/lyceepaulrobert.fr\/index.php\/wp-json\/wp\/v2\/pages\/261","targetHints":{"allow":["GET"]}}],"collection":[{"href":"https:\/\/lyceepaulrobert.fr\/index.php\/wp-json\/wp\/v2\/pages"}],"about":[{"href":"https:\/\/lyceepaulrobert.fr\/index.php\/wp-json\/wp\/v2\/types\/page"}],"author":[{"embeddable":true,"href":"https:\/\/lyceepaulrobert.fr\/index.php\/wp-json\/wp\/v2\/users\/3"}],"replies":[{"embeddable":true,"href":"https:\/\/lyceepaulrobert.fr\/index.php\/wp-json\/wp\/v2\/comments?post=261"}],"version-history":[{"count":5,"href":"https:\/\/lyceepaulrobert.fr\/index.php\/wp-json\/wp\/v2\/pages\/261\/revisions"}],"predecessor-version":[{"id":446,"href":"https:\/\/lyceepaulrobert.fr\/index.php\/wp-json\/wp\/v2\/pages\/261\/revisions\/446"}],"wp:attachment":[{"href":"https:\/\/lyceepaulrobert.fr\/index.php\/wp-json\/wp\/v2\/media?parent=261"}],"curies":[{"name":"wp","href":"https:\/\/api.w.org\/{rel}","templated":true}]}}