{"id":304,"date":"2024-04-24T08:45:36","date_gmt":"2024-04-24T06:45:36","guid":{"rendered":"https:\/\/lyceepaulrobert.fr\/?page_id=304"},"modified":"2024-04-24T08:45:36","modified_gmt":"2024-04-24T06:45:36","slug":"specialite-histoire-geographie-geopolitique-et-sciences-politiques","status":"publish","type":"page","link":"https:\/\/lyceepaulrobert.fr\/index.php\/specialite-histoire-geographie-geopolitique-et-sciences-politiques\/","title":{"rendered":"Sp\u00e9cialit\u00e9: Histoire-G\u00e9ographie, G\u00e9opolitique et Sciences Politiques"},"content":{"rendered":"\n<p><strong>L&rsquo;enseignement de sp\u00e9cialit\u00e9 d&rsquo;histoire-g\u00e9ographie, g\u00e9opolitique et sciences politiques<\/strong> donne aux \u00e9l\u00e8ves \u00ab&nbsp;des cl\u00e9s de compr\u00e9hension du monde pass\u00e9 et contemporain sur le plan des relations sociales, politiques et culturelles&nbsp;\u00bb&nbsp;; elle vise \u00e0 analyser la \u00ab&nbsp;complexit\u00e9 du monde&nbsp;\u00bb et \u00e0 \u00ab&nbsp;mieux&nbsp;comprendre le pr\u00e9sent&nbsp;\u00bb.<\/p>\n\n\n\n<p>Cet enseignement s\u2019appuie sur une approche pluridisciplinairepour \u00e9lucider cette complexit\u00e9 du monde&nbsp;:<\/p>\n\n\n\n<ul class=\"wp-block-list\">\n<li><strong>L\u2019histoire <\/strong>met en perspective les \u00e9v\u00e9nements et contextualise le r\u00f4le des acteurs.<\/li>\n<\/ul>\n\n\n\n<ul class=\"wp-block-list\">\n<li><strong>La g\u00e9ographie <\/strong>permet de comprendre l\u2019organisation de l\u2019<strong>espace <\/strong>et l\u2019influence des acteurs sur les <strong>territoires<\/strong>.<\/li>\n\n\n\n<li><strong>La science politique <\/strong>aborde l\u2019\u00e9tude des <strong>relations internationales<\/strong>, des concepts, des r\u00e9gimes et des acteurs politiques (dont les organisations internationales).<\/li>\n\n\n\n<li><strong>La g\u00e9opolitique <\/strong>permet de comprendre <strong>les rivalit\u00e9s et les enjeux de pouvoir <\/strong>entre des territoires.<\/li>\n<\/ul>\n\n\n\n<p><strong>En Premi\u00e8re <\/strong>le programme porte sur les th\u00e8mes suivants :<\/p>\n\n\n\n<p>Comprendre un r\u00e9gime politique : la d\u00e9mocratie.<\/p>\n\n\n\n<p>Analyser les dynamiques des puissances internationales.<\/p>\n\n\n\n<p>\u00c9tudier les divisions politiques du monde : les fronti\u00e8res.<\/p>\n\n\n\n<p>S\u2019informer : un regard critique sur les sources et modes de communication.<\/p>\n\n\n\n<p>Analyse des relations entre \u00c9tats et religions.<\/p>\n\n\n\n<p><strong>En Terminale <\/strong>le programme porte sur les th\u00e8mes suivants :<\/p>\n\n\n\n<p>De nouveaux espaces de conqu\u00eate.<\/p>\n\n\n\n<p>Faire la guerre, faire la paix : formes de conflits et modes de r\u00e9solution.<\/p>\n\n\n\n<p>Histoire et m\u00e9moires.<\/p>\n\n\n\n<p>Identifier, prot\u00e9ger et valoriser le patrimoine : enjeux g\u00e9opolitiques.<\/p>\n\n\n\n<p>L\u2019environnement, entre exploitation et protection : un enjeu plan\u00e9taire.<\/p>\n\n\n\n<p>L\u2019enjeu de la connaissance.<\/p>\n\n\n\n<p>Cet enseignement permet \u00e0 l\u2019\u00e9l\u00e8ve de d\u00e9velopper de nombreuses comp\u00e9tences :<\/p>\n\n\n\n<ul class=\"wp-block-list\">\n<li><strong>Analyser, interroger, adopter une d\u00e9marche de r\u00e9flexion <\/strong>: l\u2019enseignement d\u00e9veloppe les capacit\u00e9s \u00e0 confronter les points de vue.<\/li>\n\n\n\n<li><strong>Se documenter <\/strong>: cette comp\u00e9tence est fondamentale pour la r\u00e9ussite dans le sup\u00e9rieur.<\/li>\n\n\n\n<li><strong>Travailler de mani\u00e8re autonome <\/strong>: la sp\u00e9cialit\u00e9 demande davantage de travail individuel et pr\u00e9pare \u00e0 la poursuite des \u00e9tudes dans le sup\u00e9rieur o\u00f9 les \u00e9l\u00e8ves, devenus \u00e9tudiants, sont moins encadr\u00e9s.<\/li>\n\n\n\n<li><strong>S\u2019exprimer \u00e0 l\u2019oral <\/strong>: cet enseignement est un moment privil\u00e9gi\u00e9 pour d\u00e9velopper une expression orale construite et argument\u00e9e (participation au cours, expos\u00e9s individuels et collectifs).<\/li>\n<\/ul>\n\n\n\n<p>Cet enseignement ouvre de larges perspectives d\u2019avenir dans les poursuites d\u2019\u00e9tudes suivantes :<\/p>\n\n\n\n<ul class=\"wp-block-list\">\n<li><strong>Instituts d&rsquo;\u00e9tudes politiques.<\/strong><\/li>\n\n\n\n<li><strong>Classes pr\u00e9paratoires <\/strong>\u00e9conomiques, litt\u00e9raires \u2026<\/li>\n\n\n\n<li><strong>\u00c9coles de commerce, de journalisme ou de communication\u2026<\/strong><\/li>\n\n\n\n<li><strong>Licences <\/strong>: Histoire, G\u00e9ographie, Droit, Sciences politiques, humaines ou sociales, \u00c9conomie, Lettres (doubles licences) \u2026<\/li>\n\n\n\n<li><strong>BTS <\/strong>: Communication, \u00c9dition, Tourisme\u2026<\/li>\n\n\n\n<li><strong>DUT <\/strong>: Information-communication, Carri\u00e8res juridiques, Gestion logistique et transport<\/li>\n<\/ul>\n\n\n\n<p><em>Les possibilit\u00e9s de carri\u00e8res sont nombreuses dans la diplomatie, la politique (attach\u00e9 parlementaire, collaborateur d\u2019\u00e9lu \u2026), le droit, le journalisme, l\u2019enseignement et la recherche, les m\u00e9tiers de la culture et du patrimoine, de l\u2019audiovisuel et de la communication, de l\u2019environnement ou de l\u2019am\u00e9nagement\u2026<\/em><\/p>\n\n\n\n<p>L&rsquo;enseignement de sp\u00e9cialit\u00e9 est conseill\u00e9 aux \u00e9l\u00e8ves curieux et qui ont un attrait pour l\u2019actualit\u00e9, les relations internationales, l\u2019histoire, la g\u00e9ographie ou la politique.&nbsp; Ils y acqui\u00e8rent ainsi <strong>une solide culture g\u00e9n\u00e9rale, historique et politique. <\/strong>Ils r\u00e9fl\u00e9chissent sur des <strong>questions essentielles du monde actuel et <\/strong>apprennent \u00e0 <strong>exercer leur esprit critique.<\/strong><\/p>\n","protected":false},"excerpt":{"rendered":"<p>L&rsquo;enseignement de sp\u00e9cialit\u00e9 d&rsquo;histoire-g\u00e9ographie, g\u00e9opolitique et sciences politiques donne aux \u00e9l\u00e8ves \u00ab&nbsp;des cl\u00e9s de compr\u00e9hension du monde pass\u00e9 et contemporain &hellip; <\/p>\n","protected":false},"author":3,"featured_media":0,"parent":0,"menu_order":0,"comment_status":"closed","ping_status":"closed","template":"","meta":{"footnotes":""},"class_list":["post-304","page","type-page","status-publish","hentry"],"yoast_head":"<!-- This site is optimized with the Yoast SEO plugin v22.5 - https:\/\/yoast.com\/wordpress\/plugins\/seo\/ -->\n<title>Sp\u00e9cialit\u00e9: Histoire-G\u00e9ographie, G\u00e9opolitique et Sciences Politiques - Lyc\u00e9e Polyvalent Paul Robert<\/title>\n<meta name=\"robots\" content=\"index, follow, max-snippet:-1, max-image-preview:large, max-video-preview:-1\" \/>\n<link rel=\"canonical\" href=\"https:\/\/lyceepaulrobert.fr\/index.php\/specialite-histoire-geographie-geopolitique-et-sciences-politiques\/\" \/>\n<meta property=\"og:locale\" content=\"fr_FR\" \/>\n<meta property=\"og:type\" content=\"article\" \/>\n<meta property=\"og:title\" content=\"Sp\u00e9cialit\u00e9: Histoire-G\u00e9ographie, G\u00e9opolitique et Sciences Politiques - Lyc\u00e9e Polyvalent Paul Robert\" \/>\n<meta property=\"og:description\" content=\"L&rsquo;enseignement de sp\u00e9cialit\u00e9 d&rsquo;histoire-g\u00e9ographie, g\u00e9opolitique et sciences politiques donne aux \u00e9l\u00e8ves \u00ab&nbsp;des cl\u00e9s de compr\u00e9hension du monde pass\u00e9 et contemporain &hellip;\" \/>\n<meta property=\"og:url\" content=\"https:\/\/lyceepaulrobert.fr\/index.php\/specialite-histoire-geographie-geopolitique-et-sciences-politiques\/\" \/>\n<meta property=\"og:site_name\" content=\"Lyc\u00e9e Polyvalent Paul Robert\" \/>\n<meta name=\"twitter:card\" content=\"summary_large_image\" \/>\n<meta name=\"twitter:label1\" content=\"Dur\u00e9e de lecture estim\u00e9e\" \/>\n\t<meta name=\"twitter:data1\" content=\"3 minutes\" \/>\n<script type=\"application\/ld+json\" class=\"yoast-schema-graph\">{\"@context\":\"https:\/\/schema.org\",\"@graph\":[{\"@type\":\"WebPage\",\"@id\":\"https:\/\/lyceepaulrobert.fr\/index.php\/specialite-histoire-geographie-geopolitique-et-sciences-politiques\/\",\"url\":\"https:\/\/lyceepaulrobert.fr\/index.php\/specialite-histoire-geographie-geopolitique-et-sciences-politiques\/\",\"name\":\"Sp\u00e9cialit\u00e9: Histoire-G\u00e9ographie, G\u00e9opolitique et Sciences Politiques - Lyc\u00e9e Polyvalent Paul Robert\",\"isPartOf\":{\"@id\":\"https:\/\/lyceepaulrobert.fr\/#website\"},\"datePublished\":\"2024-04-24T06:45:36+00:00\",\"dateModified\":\"2024-04-24T06:45:36+00:00\",\"breadcrumb\":{\"@id\":\"https:\/\/lyceepaulrobert.fr\/index.php\/specialite-histoire-geographie-geopolitique-et-sciences-politiques\/#breadcrumb\"},\"inLanguage\":\"fr-FR\",\"potentialAction\":[{\"@type\":\"ReadAction\",\"target\":[\"https:\/\/lyceepaulrobert.fr\/index.php\/specialite-histoire-geographie-geopolitique-et-sciences-politiques\/\"]}]},{\"@type\":\"BreadcrumbList\",\"@id\":\"https:\/\/lyceepaulrobert.fr\/index.php\/specialite-histoire-geographie-geopolitique-et-sciences-politiques\/#breadcrumb\",\"itemListElement\":[{\"@type\":\"ListItem\",\"position\":1,\"name\":\"Accueil\",\"item\":\"https:\/\/lyceepaulrobert.fr\/\"},{\"@type\":\"ListItem\",\"position\":2,\"name\":\"Sp\u00e9cialit\u00e9: Histoire-G\u00e9ographie, G\u00e9opolitique et Sciences Politiques\"}]},{\"@type\":\"WebSite\",\"@id\":\"https:\/\/lyceepaulrobert.fr\/#website\",\"url\":\"https:\/\/lyceepaulrobert.fr\/\",\"name\":\"Lyc\u00e9e Polyvalent Paul Robert\",\"description\":\"\",\"potentialAction\":[{\"@type\":\"SearchAction\",\"target\":{\"@type\":\"EntryPoint\",\"urlTemplate\":\"https:\/\/lyceepaulrobert.fr\/?s={search_term_string}\"},\"query-input\":\"required name=search_term_string\"}],\"inLanguage\":\"fr-FR\"}]}<\/script>\n<!-- \/ Yoast SEO plugin. -->","yoast_head_json":{"title":"Sp\u00e9cialit\u00e9: Histoire-G\u00e9ographie, G\u00e9opolitique et Sciences Politiques - Lyc\u00e9e Polyvalent Paul Robert","robots":{"index":"index","follow":"follow","max-snippet":"max-snippet:-1","max-image-preview":"max-image-preview:large","max-video-preview":"max-video-preview:-1"},"canonical":"https:\/\/lyceepaulrobert.fr\/index.php\/specialite-histoire-geographie-geopolitique-et-sciences-politiques\/","og_locale":"fr_FR","og_type":"article","og_title":"Sp\u00e9cialit\u00e9: Histoire-G\u00e9ographie, G\u00e9opolitique et Sciences Politiques - Lyc\u00e9e Polyvalent Paul Robert","og_description":"L&rsquo;enseignement de sp\u00e9cialit\u00e9 d&rsquo;histoire-g\u00e9ographie, g\u00e9opolitique et sciences politiques donne aux \u00e9l\u00e8ves \u00ab&nbsp;des cl\u00e9s de compr\u00e9hension du monde pass\u00e9 et contemporain &hellip;","og_url":"https:\/\/lyceepaulrobert.fr\/index.php\/specialite-histoire-geographie-geopolitique-et-sciences-politiques\/","og_site_name":"Lyc\u00e9e Polyvalent Paul Robert","twitter_card":"summary_large_image","twitter_misc":{"Dur\u00e9e de lecture estim\u00e9e":"3 minutes"},"schema":{"@context":"https:\/\/schema.org","@graph":[{"@type":"WebPage","@id":"https:\/\/lyceepaulrobert.fr\/index.php\/specialite-histoire-geographie-geopolitique-et-sciences-politiques\/","url":"https:\/\/lyceepaulrobert.fr\/index.php\/specialite-histoire-geographie-geopolitique-et-sciences-politiques\/","name":"Sp\u00e9cialit\u00e9: Histoire-G\u00e9ographie, G\u00e9opolitique et Sciences Politiques - Lyc\u00e9e Polyvalent Paul Robert","isPartOf":{"@id":"https:\/\/lyceepaulrobert.fr\/#website"},"datePublished":"2024-04-24T06:45:36+00:00","dateModified":"2024-04-24T06:45:36+00:00","breadcrumb":{"@id":"https:\/\/lyceepaulrobert.fr\/index.php\/specialite-histoire-geographie-geopolitique-et-sciences-politiques\/#breadcrumb"},"inLanguage":"fr-FR","potentialAction":[{"@type":"ReadAction","target":["https:\/\/lyceepaulrobert.fr\/index.php\/specialite-histoire-geographie-geopolitique-et-sciences-politiques\/"]}]},{"@type":"BreadcrumbList","@id":"https:\/\/lyceepaulrobert.fr\/index.php\/specialite-histoire-geographie-geopolitique-et-sciences-politiques\/#breadcrumb","itemListElement":[{"@type":"ListItem","position":1,"name":"Accueil","item":"https:\/\/lyceepaulrobert.fr\/"},{"@type":"ListItem","position":2,"name":"Sp\u00e9cialit\u00e9: Histoire-G\u00e9ographie, G\u00e9opolitique et Sciences Politiques"}]},{"@type":"WebSite","@id":"https:\/\/lyceepaulrobert.fr\/#website","url":"https:\/\/lyceepaulrobert.fr\/","name":"Lyc\u00e9e Polyvalent Paul Robert","description":"","potentialAction":[{"@type":"SearchAction","target":{"@type":"EntryPoint","urlTemplate":"https:\/\/lyceepaulrobert.fr\/?s={search_term_string}"},"query-input":"required name=search_term_string"}],"inLanguage":"fr-FR"}]}},"_links":{"self":[{"href":"https:\/\/lyceepaulrobert.fr\/index.php\/wp-json\/wp\/v2\/pages\/304","targetHints":{"allow":["GET"]}}],"collection":[{"href":"https:\/\/lyceepaulrobert.fr\/index.php\/wp-json\/wp\/v2\/pages"}],"about":[{"href":"https:\/\/lyceepaulrobert.fr\/index.php\/wp-json\/wp\/v2\/types\/page"}],"author":[{"embeddable":true,"href":"https:\/\/lyceepaulrobert.fr\/index.php\/wp-json\/wp\/v2\/users\/3"}],"replies":[{"embeddable":true,"href":"https:\/\/lyceepaulrobert.fr\/index.php\/wp-json\/wp\/v2\/comments?post=304"}],"version-history":[{"count":1,"href":"https:\/\/lyceepaulrobert.fr\/index.php\/wp-json\/wp\/v2\/pages\/304\/revisions"}],"predecessor-version":[{"id":305,"href":"https:\/\/lyceepaulrobert.fr\/index.php\/wp-json\/wp\/v2\/pages\/304\/revisions\/305"}],"wp:attachment":[{"href":"https:\/\/lyceepaulrobert.fr\/index.php\/wp-json\/wp\/v2\/media?parent=304"}],"curies":[{"name":"wp","href":"https:\/\/api.w.org\/{rel}","templated":true}]}}