{"id":373,"date":"2024-04-30T11:04:50","date_gmt":"2024-04-30T09:04:50","guid":{"rendered":"https:\/\/lyceepaulrobert.fr\/?page_id=373"},"modified":"2024-04-30T11:04:51","modified_gmt":"2024-04-30T09:04:51","slug":"section-europeenne-anglais","status":"publish","type":"page","link":"https:\/\/lyceepaulrobert.fr\/index.php\/section-europeenne-anglais\/","title":{"rendered":"Section Europ\u00e9enne Anglais"},"content":{"rendered":"\n<p>La section europ\u00e9enne anglais est une section ouverte aux \u00e9l\u00e8ves du lyc\u00e9e Paul Robert motiv\u00e9s et d\u00e9sireux d\u2019approfondir leurs comp\u00e9tences linguistiques en anglais.<\/p>\n\n\n\n<p>Elle se caract\u00e9rise par&nbsp;:<\/p>\n\n\n\n<p>&#8211; un cursus en trois ans (seconde, premi\u00e8re et terminale)<\/p>\n\n\n\n<p>&#8211; l\u2019utilisation de la langue anglaise dans un apprentissage disciplinaire (cours appel\u00e9 DNL pour discipline non linguistique). Dans notre lyc\u00e9e, la DNL propos\u00e9e est la SVT. Cela signifie que les \u00e9l\u00e8ves re\u00e7oivent des cours de SVT dispens\u00e9s dans la langue anglaise. (1h par semaine)<\/p>\n\n\n\n<p>&#8211; des cours d\u2019anglais renforc\u00e9 (1 h tous les quinze jours)<\/p>\n\n\n\n<p>&#8211; des activit\u00e9s culturelles et d\u2019\u00e9change<\/p>\n\n\n\n<p>A l\u2019issu de leur cursus en section europ\u00e9enne, les \u00e9l\u00e8ves peuvent recevoir sur leur dipl\u00f4me de baccalaur\u00e9at la mention \u00ab&nbsp;Section Europ\u00e9enne&nbsp;\u00bb. Pour obtenir le baccalaur\u00e9at g\u00e9n\u00e9ral avec \u201cmention europ\u00e9enne\u201d, il faut acqu\u00e9rir :<\/p>\n\n\n\n<p>&#8211; le baccalaur\u00e9at avec une moyenne minimum de 10\/20 comme tout autre \u00e9l\u00e8ve ;<\/p>\n\n\n\n<p>&#8211; une note minimale de 12\/20 \u00e0 l&rsquo;\u00e9preuve commune de LV A anglais du baccalaur\u00e9at ;<\/p>\n\n\n\n<p>&#8211; une note minimale de 10\/20 \u00e0 une \u00e9preuve orale sp\u00e9cifique de SVT en langue anglaise.<\/p>\n","protected":false},"excerpt":{"rendered":"<p>La section europ\u00e9enne anglais est une section ouverte aux \u00e9l\u00e8ves du lyc\u00e9e Paul Robert motiv\u00e9s et d\u00e9sireux d\u2019approfondir leurs comp\u00e9tences &hellip; <\/p>\n","protected":false},"author":3,"featured_media":374,"parent":0,"menu_order":0,"comment_status":"closed","ping_status":"closed","template":"","meta":{"footnotes":""},"class_list":["post-373","page","type-page","status-publish","has-post-thumbnail","hentry"],"yoast_head":"<!-- This site is optimized with the Yoast SEO plugin v22.5 - https:\/\/yoast.com\/wordpress\/plugins\/seo\/ -->\n<title>Section Europ\u00e9enne Anglais - Lyc\u00e9e Polyvalent Paul Robert<\/title>\n<meta name=\"robots\" content=\"index, follow, max-snippet:-1, max-image-preview:large, max-video-preview:-1\" \/>\n<link rel=\"canonical\" href=\"https:\/\/lyceepaulrobert.fr\/index.php\/section-europeenne-anglais\/\" \/>\n<meta property=\"og:locale\" content=\"fr_FR\" \/>\n<meta property=\"og:type\" content=\"article\" \/>\n<meta property=\"og:title\" content=\"Section Europ\u00e9enne Anglais - Lyc\u00e9e Polyvalent Paul Robert\" \/>\n<meta property=\"og:description\" content=\"La section europ\u00e9enne anglais est une section ouverte aux \u00e9l\u00e8ves du lyc\u00e9e Paul Robert motiv\u00e9s et d\u00e9sireux d\u2019approfondir leurs comp\u00e9tences &hellip;\" \/>\n<meta property=\"og:url\" content=\"https:\/\/lyceepaulrobert.fr\/index.php\/section-europeenne-anglais\/\" \/>\n<meta property=\"og:site_name\" content=\"Lyc\u00e9e Polyvalent Paul Robert\" \/>\n<meta property=\"article:modified_time\" content=\"2024-04-30T09:04:51+00:00\" \/>\n<meta property=\"og:image\" content=\"https:\/\/lyceepaulrobert.fr\/wp-content\/uploads\/2024\/04\/DNL-Anglais.png\" \/>\n\t<meta property=\"og:image:width\" content=\"541\" \/>\n\t<meta property=\"og:image:height\" content=\"295\" \/>\n\t<meta property=\"og:image:type\" content=\"image\/png\" \/>\n<meta name=\"twitter:card\" content=\"summary_large_image\" \/>\n<meta name=\"twitter:label1\" content=\"Dur\u00e9e de lecture estim\u00e9e\" \/>\n\t<meta name=\"twitter:data1\" content=\"2 minutes\" \/>\n<script type=\"application\/ld+json\" class=\"yoast-schema-graph\">{\"@context\":\"https:\/\/schema.org\",\"@graph\":[{\"@type\":\"WebPage\",\"@id\":\"https:\/\/lyceepaulrobert.fr\/index.php\/section-europeenne-anglais\/\",\"url\":\"https:\/\/lyceepaulrobert.fr\/index.php\/section-europeenne-anglais\/\",\"name\":\"Section Europ\u00e9enne Anglais - Lyc\u00e9e Polyvalent Paul Robert\",\"isPartOf\":{\"@id\":\"https:\/\/lyceepaulrobert.fr\/#website\"},\"primaryImageOfPage\":{\"@id\":\"https:\/\/lyceepaulrobert.fr\/index.php\/section-europeenne-anglais\/#primaryimage\"},\"image\":{\"@id\":\"https:\/\/lyceepaulrobert.fr\/index.php\/section-europeenne-anglais\/#primaryimage\"},\"thumbnailUrl\":\"https:\/\/lyceepaulrobert.fr\/wp-content\/uploads\/2024\/04\/DNL-Anglais.png\",\"datePublished\":\"2024-04-30T09:04:50+00:00\",\"dateModified\":\"2024-04-30T09:04:51+00:00\",\"breadcrumb\":{\"@id\":\"https:\/\/lyceepaulrobert.fr\/index.php\/section-europeenne-anglais\/#breadcrumb\"},\"inLanguage\":\"fr-FR\",\"potentialAction\":[{\"@type\":\"ReadAction\",\"target\":[\"https:\/\/lyceepaulrobert.fr\/index.php\/section-europeenne-anglais\/\"]}]},{\"@type\":\"ImageObject\",\"inLanguage\":\"fr-FR\",\"@id\":\"https:\/\/lyceepaulrobert.fr\/index.php\/section-europeenne-anglais\/#primaryimage\",\"url\":\"https:\/\/lyceepaulrobert.fr\/wp-content\/uploads\/2024\/04\/DNL-Anglais.png\",\"contentUrl\":\"https:\/\/lyceepaulrobert.fr\/wp-content\/uploads\/2024\/04\/DNL-Anglais.png\",\"width\":541,\"height\":295},{\"@type\":\"BreadcrumbList\",\"@id\":\"https:\/\/lyceepaulrobert.fr\/index.php\/section-europeenne-anglais\/#breadcrumb\",\"itemListElement\":[{\"@type\":\"ListItem\",\"position\":1,\"name\":\"Accueil\",\"item\":\"https:\/\/lyceepaulrobert.fr\/\"},{\"@type\":\"ListItem\",\"position\":2,\"name\":\"Section Europ\u00e9enne Anglais\"}]},{\"@type\":\"WebSite\",\"@id\":\"https:\/\/lyceepaulrobert.fr\/#website\",\"url\":\"https:\/\/lyceepaulrobert.fr\/\",\"name\":\"Lyc\u00e9e Polyvalent Paul Robert\",\"description\":\"\",\"potentialAction\":[{\"@type\":\"SearchAction\",\"target\":{\"@type\":\"EntryPoint\",\"urlTemplate\":\"https:\/\/lyceepaulrobert.fr\/?s={search_term_string}\"},\"query-input\":\"required name=search_term_string\"}],\"inLanguage\":\"fr-FR\"}]}<\/script>\n<!-- \/ Yoast SEO plugin. -->","yoast_head_json":{"title":"Section Europ\u00e9enne Anglais - Lyc\u00e9e Polyvalent Paul Robert","robots":{"index":"index","follow":"follow","max-snippet":"max-snippet:-1","max-image-preview":"max-image-preview:large","max-video-preview":"max-video-preview:-1"},"canonical":"https:\/\/lyceepaulrobert.fr\/index.php\/section-europeenne-anglais\/","og_locale":"fr_FR","og_type":"article","og_title":"Section Europ\u00e9enne Anglais - Lyc\u00e9e Polyvalent Paul Robert","og_description":"La section europ\u00e9enne anglais est une section ouverte aux \u00e9l\u00e8ves du lyc\u00e9e Paul Robert motiv\u00e9s et d\u00e9sireux d\u2019approfondir leurs comp\u00e9tences &hellip;","og_url":"https:\/\/lyceepaulrobert.fr\/index.php\/section-europeenne-anglais\/","og_site_name":"Lyc\u00e9e Polyvalent Paul Robert","article_modified_time":"2024-04-30T09:04:51+00:00","og_image":[{"width":541,"height":295,"url":"https:\/\/lyceepaulrobert.fr\/wp-content\/uploads\/2024\/04\/DNL-Anglais.png","type":"image\/png"}],"twitter_card":"summary_large_image","twitter_misc":{"Dur\u00e9e de lecture estim\u00e9e":"2 minutes"},"schema":{"@context":"https:\/\/schema.org","@graph":[{"@type":"WebPage","@id":"https:\/\/lyceepaulrobert.fr\/index.php\/section-europeenne-anglais\/","url":"https:\/\/lyceepaulrobert.fr\/index.php\/section-europeenne-anglais\/","name":"Section Europ\u00e9enne Anglais - Lyc\u00e9e Polyvalent Paul Robert","isPartOf":{"@id":"https:\/\/lyceepaulrobert.fr\/#website"},"primaryImageOfPage":{"@id":"https:\/\/lyceepaulrobert.fr\/index.php\/section-europeenne-anglais\/#primaryimage"},"image":{"@id":"https:\/\/lyceepaulrobert.fr\/index.php\/section-europeenne-anglais\/#primaryimage"},"thumbnailUrl":"https:\/\/lyceepaulrobert.fr\/wp-content\/uploads\/2024\/04\/DNL-Anglais.png","datePublished":"2024-04-30T09:04:50+00:00","dateModified":"2024-04-30T09:04:51+00:00","breadcrumb":{"@id":"https:\/\/lyceepaulrobert.fr\/index.php\/section-europeenne-anglais\/#breadcrumb"},"inLanguage":"fr-FR","potentialAction":[{"@type":"ReadAction","target":["https:\/\/lyceepaulrobert.fr\/index.php\/section-europeenne-anglais\/"]}]},{"@type":"ImageObject","inLanguage":"fr-FR","@id":"https:\/\/lyceepaulrobert.fr\/index.php\/section-europeenne-anglais\/#primaryimage","url":"https:\/\/lyceepaulrobert.fr\/wp-content\/uploads\/2024\/04\/DNL-Anglais.png","contentUrl":"https:\/\/lyceepaulrobert.fr\/wp-content\/uploads\/2024\/04\/DNL-Anglais.png","width":541,"height":295},{"@type":"BreadcrumbList","@id":"https:\/\/lyceepaulrobert.fr\/index.php\/section-europeenne-anglais\/#breadcrumb","itemListElement":[{"@type":"ListItem","position":1,"name":"Accueil","item":"https:\/\/lyceepaulrobert.fr\/"},{"@type":"ListItem","position":2,"name":"Section Europ\u00e9enne Anglais"}]},{"@type":"WebSite","@id":"https:\/\/lyceepaulrobert.fr\/#website","url":"https:\/\/lyceepaulrobert.fr\/","name":"Lyc\u00e9e Polyvalent Paul Robert","description":"","potentialAction":[{"@type":"SearchAction","target":{"@type":"EntryPoint","urlTemplate":"https:\/\/lyceepaulrobert.fr\/?s={search_term_string}"},"query-input":"required name=search_term_string"}],"inLanguage":"fr-FR"}]}},"_links":{"self":[{"href":"https:\/\/lyceepaulrobert.fr\/index.php\/wp-json\/wp\/v2\/pages\/373","targetHints":{"allow":["GET"]}}],"collection":[{"href":"https:\/\/lyceepaulrobert.fr\/index.php\/wp-json\/wp\/v2\/pages"}],"about":[{"href":"https:\/\/lyceepaulrobert.fr\/index.php\/wp-json\/wp\/v2\/types\/page"}],"author":[{"embeddable":true,"href":"https:\/\/lyceepaulrobert.fr\/index.php\/wp-json\/wp\/v2\/users\/3"}],"replies":[{"embeddable":true,"href":"https:\/\/lyceepaulrobert.fr\/index.php\/wp-json\/wp\/v2\/comments?post=373"}],"version-history":[{"count":1,"href":"https:\/\/lyceepaulrobert.fr\/index.php\/wp-json\/wp\/v2\/pages\/373\/revisions"}],"predecessor-version":[{"id":375,"href":"https:\/\/lyceepaulrobert.fr\/index.php\/wp-json\/wp\/v2\/pages\/373\/revisions\/375"}],"wp:featuredmedia":[{"embeddable":true,"href":"https:\/\/lyceepaulrobert.fr\/index.php\/wp-json\/wp\/v2\/media\/374"}],"wp:attachment":[{"href":"https:\/\/lyceepaulrobert.fr\/index.php\/wp-json\/wp\/v2\/media?parent=373"}],"curies":[{"name":"wp","href":"https:\/\/api.w.org\/{rel}","templated":true}]}}