{"id":390,"date":"2025-03-24T22:54:50","date_gmt":"2025-03-24T21:54:50","guid":{"rendered":"https:\/\/lyceepaulrobert.fr\/?page_id=390"},"modified":"2025-09-01T23:46:39","modified_gmt":"2025-09-01T21:46:39","slug":"atelier-theatre","status":"publish","type":"page","link":"https:\/\/lyceepaulrobert.fr\/index.php\/atelier-theatre\/","title":{"rendered":"Atelier Th\u00e9\u00e2tre"},"content":{"rendered":"\n<p>Le Lyc\u00e9e Paul Robert a ouvert depuis deux ans un <strong>atelier th\u00e9\u00e2tral<\/strong> <strong>en partenariat avec le Th\u00e9\u00e2tre National de La Colline<\/strong>.<\/p>\n\n\n\n<p>Il est anim\u00e9 par Madame Chavanne et un.e com\u00e9dien.ne professionnel.le travaillant avec le Th\u00e9\u00e2tre National de la Colline.<\/p>\n\n\n<div class=\"wp-block-image\">\n<figure class=\"aligncenter size-full is-resized\"><img loading=\"lazy\" decoding=\"async\" width=\"225\" height=\"225\" src=\"https:\/\/lyceepaulrobert.fr\/wp-content\/uploads\/2025\/03\/logo-colline.png\" alt=\"\" class=\"wp-image-393\" style=\"width:185px;height:auto\" srcset=\"https:\/\/lyceepaulrobert.fr\/wp-content\/uploads\/2025\/03\/logo-colline.png 225w, https:\/\/lyceepaulrobert.fr\/wp-content\/uploads\/2025\/03\/logo-colline-150x150.png 150w, https:\/\/lyceepaulrobert.fr\/wp-content\/uploads\/2025\/03\/logo-colline-70x70.png 70w, https:\/\/lyceepaulrobert.fr\/wp-content\/uploads\/2025\/03\/logo-colline-125x125.png 125w\" sizes=\"auto, (max-width: 225px) 100vw, 225px\" \/><\/figure>\n<\/div>\n\n\n<p>Les s\u00e9ances consistent toute une s\u00e9rie d&rsquo;exercices, d&rsquo;improvisations permettant aux \u00e9l\u00e8ves d&rsquo;explorer leur capacit\u00e9 d&rsquo;expression et de&#8230; s&rsquo;amuser. Le texte est abord\u00e9 dans un second temps. La fin de l&rsquo;ann\u00e9e est marqu\u00e9e par un spectacle construit autour d&rsquo;une pi\u00e8ce qui aura \u00e9t\u00e9 choisie en relation avec le th\u00e8me de l&rsquo;ann\u00e9e et en \u00e9cho avec les spectacles vus \u00e0 La Colline.<\/p>\n\n\n\n<p>Car l&rsquo;atelier th\u00e9\u00e2tre c&rsquo;est aussi une opportunit\u00e9 d&rsquo;aller voir quatre spectacles au Th\u00e9\u00e2tre National de La Colline et de d\u00e9couvrir ainsi la cr\u00e9ation th\u00e9\u00e2trale contemporaine.<\/p>\n\n\n\n<p>Il est ouvert \u00e0 tout \u00e9l\u00e8ve volontaire qui, apr\u00e8s un cours d&rsquo;essai s&rsquo;engage pour l&rsquo;ann\u00e9e.<\/p>\n\n\n\n<p>Il a lieu le mercredi de 13h30 \u00e0 15h30.<\/p>\n\n\n\n<p><\/p>\n\n\n\n<p><strong>Repr\u00e9sentations :<\/strong><\/p>\n\n\n\n<div class=\"wp-block-media-text is-stacked-on-mobile\"><figure class=\"wp-block-media-text__media\"><img loading=\"lazy\" decoding=\"async\" width=\"724\" height=\"1024\" src=\"https:\/\/lyceepaulrobert.fr\/wp-content\/uploads\/2025\/03\/La-great-fuite-2-724x1024.jpeg\" alt=\"\" class=\"wp-image-392 size-full\" srcset=\"https:\/\/lyceepaulrobert.fr\/wp-content\/uploads\/2025\/03\/La-great-fuite-2-724x1024.jpeg 724w, https:\/\/lyceepaulrobert.fr\/wp-content\/uploads\/2025\/03\/La-great-fuite-2-212x300.jpeg 212w, https:\/\/lyceepaulrobert.fr\/wp-content\/uploads\/2025\/03\/La-great-fuite-2-768x1087.jpeg 768w, https:\/\/lyceepaulrobert.fr\/wp-content\/uploads\/2025\/03\/La-great-fuite-2-1086x1536.jpeg 1086w, https:\/\/lyceepaulrobert.fr\/wp-content\/uploads\/2025\/03\/La-great-fuite-2-1448x2048.jpeg 1448w, https:\/\/lyceepaulrobert.fr\/wp-content\/uploads\/2025\/03\/La-great-fuite-2.jpeg 1543w\" sizes=\"auto, (max-width: 724px) 100vw, 724px\" \/><\/figure><div class=\"wp-block-media-text__content\">\n<p>Th\u00e8me de l&rsquo;ann\u00e9e 2023\/2024&nbsp;: \u00ab&nbsp;Les bouffons, les rois et la d\u00e9mocratie&nbsp;\u00bb<\/p>\n\n\n\n<p>Intervenant&nbsp;: Romain Pageard<\/p>\n\n\n\n<p>Spectacle 2024 <em>The Great fuite of la Bourgeoisie<\/em> de Romane Nicolas, au Centre Culturel Jean Cocteau<\/p>\n<\/div><\/div>\n\n\n\n<p><\/p>\n\n\n\n<p><\/p>\n\n\n\n<p><\/p>\n\n\n\n<div class=\"wp-block-media-text is-stacked-on-mobile\"><figure class=\"wp-block-media-text__media\"><img loading=\"lazy\" decoding=\"async\" width=\"724\" height=\"1024\" src=\"https:\/\/lyceepaulrobert.fr\/wp-content\/uploads\/2025\/05\/Le-cas-Don-Juan-4-724x1024.png\" alt=\"\" class=\"wp-image-448 size-full\" srcset=\"https:\/\/lyceepaulrobert.fr\/wp-content\/uploads\/2025\/05\/Le-cas-Don-Juan-4-724x1024.png 724w, https:\/\/lyceepaulrobert.fr\/wp-content\/uploads\/2025\/05\/Le-cas-Don-Juan-4-212x300.png 212w, https:\/\/lyceepaulrobert.fr\/wp-content\/uploads\/2025\/05\/Le-cas-Don-Juan-4-768x1086.png 768w, https:\/\/lyceepaulrobert.fr\/wp-content\/uploads\/2025\/05\/Le-cas-Don-Juan-4-1086x1536.png 1086w, https:\/\/lyceepaulrobert.fr\/wp-content\/uploads\/2025\/05\/Le-cas-Don-Juan-4.png 1414w\" sizes=\"auto, (max-width: 724px) 100vw, 724px\" \/><\/figure><div class=\"wp-block-media-text__content\">\n<p>Th\u00e8me de l&rsquo;ann\u00e9e 2024\/2025&nbsp;: \u00ab&nbsp;Les pouvoirs de la fiction&nbsp;\u00bb<\/p>\n\n\n\n<p>Intervenante&nbsp;: Elena Borgogni<\/p>\n\n\n\n<p>Spectacle 2025 <em>Le Cas Don Juan<\/em> d&rsquo;apr\u00e8s Moli\u00e8re. Rendez-vous le 13 mai \u00e0 19h30 et 21h au Centre Culturel Jean Cocteau.<\/p>\n<\/div><\/div>\n","protected":false},"excerpt":{"rendered":"<p>Le Lyc\u00e9e Paul Robert a ouvert depuis deux ans un atelier th\u00e9\u00e2tral en partenariat avec le Th\u00e9\u00e2tre National de La &hellip; <\/p>\n","protected":false},"author":3,"featured_media":391,"parent":0,"menu_order":0,"comment_status":"closed","ping_status":"closed","template":"","meta":{"footnotes":""},"class_list":["post-390","page","type-page","status-publish","has-post-thumbnail","hentry"],"yoast_head":"<!-- This site is optimized with the Yoast SEO plugin v22.5 - https:\/\/yoast.com\/wordpress\/plugins\/seo\/ -->\n<title>Atelier Th\u00e9\u00e2tre - Lyc\u00e9e Polyvalent Paul Robert<\/title>\n<meta name=\"description\" content=\"Atelier th\u00e9\u00e2tral propos\u00e9 au lyc\u00e9en Paul Robert des Lilas (93260) en partenariat avec le Th\u00e9\u00e2tre National de la Colline\" \/>\n<meta name=\"robots\" content=\"index, follow, max-snippet:-1, max-image-preview:large, max-video-preview:-1\" \/>\n<link rel=\"canonical\" href=\"https:\/\/lyceepaulrobert.fr\/index.php\/atelier-theatre\/\" \/>\n<meta property=\"og:locale\" content=\"fr_FR\" \/>\n<meta property=\"og:type\" content=\"article\" \/>\n<meta property=\"og:title\" content=\"Atelier Th\u00e9\u00e2tre - Lyc\u00e9e Polyvalent Paul Robert\" \/>\n<meta property=\"og:description\" content=\"Atelier th\u00e9\u00e2tral propos\u00e9 au lyc\u00e9en Paul Robert des Lilas (93260) en partenariat avec le Th\u00e9\u00e2tre National de la Colline\" \/>\n<meta property=\"og:url\" content=\"https:\/\/lyceepaulrobert.fr\/index.php\/atelier-theatre\/\" \/>\n<meta property=\"og:site_name\" content=\"Lyc\u00e9e Polyvalent Paul Robert\" \/>\n<meta property=\"article:modified_time\" content=\"2025-09-01T21:46:39+00:00\" \/>\n<meta property=\"og:image\" content=\"https:\/\/lyceepaulrobert.fr\/wp-content\/uploads\/2025\/03\/AfficheTheatre-1-e1742853576815-1024x746.png\" \/>\n\t<meta property=\"og:image:width\" content=\"1024\" \/>\n\t<meta property=\"og:image:height\" content=\"746\" \/>\n\t<meta property=\"og:image:type\" content=\"image\/png\" \/>\n<meta name=\"twitter:card\" content=\"summary_large_image\" \/>\n<meta name=\"twitter:label1\" content=\"Dur\u00e9e de lecture estim\u00e9e\" \/>\n\t<meta name=\"twitter:data1\" content=\"2 minutes\" \/>\n<script type=\"application\/ld+json\" class=\"yoast-schema-graph\">{\"@context\":\"https:\/\/schema.org\",\"@graph\":[{\"@type\":\"WebPage\",\"@id\":\"https:\/\/lyceepaulrobert.fr\/index.php\/atelier-theatre\/\",\"url\":\"https:\/\/lyceepaulrobert.fr\/index.php\/atelier-theatre\/\",\"name\":\"Atelier Th\u00e9\u00e2tre - Lyc\u00e9e Polyvalent Paul Robert\",\"isPartOf\":{\"@id\":\"https:\/\/lyceepaulrobert.fr\/#website\"},\"primaryImageOfPage\":{\"@id\":\"https:\/\/lyceepaulrobert.fr\/index.php\/atelier-theatre\/#primaryimage\"},\"image\":{\"@id\":\"https:\/\/lyceepaulrobert.fr\/index.php\/atelier-theatre\/#primaryimage\"},\"thumbnailUrl\":\"https:\/\/lyceepaulrobert.fr\/wp-content\/uploads\/2025\/03\/AfficheTheatre-1-e1742853576815.png\",\"datePublished\":\"2025-03-24T21:54:50+00:00\",\"dateModified\":\"2025-09-01T21:46:39+00:00\",\"description\":\"Atelier th\u00e9\u00e2tral propos\u00e9 au lyc\u00e9en Paul Robert des Lilas (93260) en partenariat avec le Th\u00e9\u00e2tre National de la Colline\",\"breadcrumb\":{\"@id\":\"https:\/\/lyceepaulrobert.fr\/index.php\/atelier-theatre\/#breadcrumb\"},\"inLanguage\":\"fr-FR\",\"potentialAction\":[{\"@type\":\"ReadAction\",\"target\":[\"https:\/\/lyceepaulrobert.fr\/index.php\/atelier-theatre\/\"]}]},{\"@type\":\"ImageObject\",\"inLanguage\":\"fr-FR\",\"@id\":\"https:\/\/lyceepaulrobert.fr\/index.php\/atelier-theatre\/#primaryimage\",\"url\":\"https:\/\/lyceepaulrobert.fr\/wp-content\/uploads\/2025\/03\/AfficheTheatre-1-e1742853576815.png\",\"contentUrl\":\"https:\/\/lyceepaulrobert.fr\/wp-content\/uploads\/2025\/03\/AfficheTheatre-1-e1742853576815.png\",\"width\":3506,\"height\":2555},{\"@type\":\"BreadcrumbList\",\"@id\":\"https:\/\/lyceepaulrobert.fr\/index.php\/atelier-theatre\/#breadcrumb\",\"itemListElement\":[{\"@type\":\"ListItem\",\"position\":1,\"name\":\"Accueil\",\"item\":\"https:\/\/lyceepaulrobert.fr\/\"},{\"@type\":\"ListItem\",\"position\":2,\"name\":\"Atelier Th\u00e9\u00e2tre\"}]},{\"@type\":\"WebSite\",\"@id\":\"https:\/\/lyceepaulrobert.fr\/#website\",\"url\":\"https:\/\/lyceepaulrobert.fr\/\",\"name\":\"Lyc\u00e9e Polyvalent Paul Robert\",\"description\":\"\",\"potentialAction\":[{\"@type\":\"SearchAction\",\"target\":{\"@type\":\"EntryPoint\",\"urlTemplate\":\"https:\/\/lyceepaulrobert.fr\/?s={search_term_string}\"},\"query-input\":\"required name=search_term_string\"}],\"inLanguage\":\"fr-FR\"}]}<\/script>\n<!-- \/ Yoast SEO plugin. -->","yoast_head_json":{"title":"Atelier Th\u00e9\u00e2tre - Lyc\u00e9e Polyvalent Paul Robert","description":"Atelier th\u00e9\u00e2tral propos\u00e9 au lyc\u00e9en Paul Robert des Lilas (93260) en partenariat avec le Th\u00e9\u00e2tre National de la Colline","robots":{"index":"index","follow":"follow","max-snippet":"max-snippet:-1","max-image-preview":"max-image-preview:large","max-video-preview":"max-video-preview:-1"},"canonical":"https:\/\/lyceepaulrobert.fr\/index.php\/atelier-theatre\/","og_locale":"fr_FR","og_type":"article","og_title":"Atelier Th\u00e9\u00e2tre - Lyc\u00e9e Polyvalent Paul Robert","og_description":"Atelier th\u00e9\u00e2tral propos\u00e9 au lyc\u00e9en Paul Robert des Lilas (93260) en partenariat avec le Th\u00e9\u00e2tre National de la Colline","og_url":"https:\/\/lyceepaulrobert.fr\/index.php\/atelier-theatre\/","og_site_name":"Lyc\u00e9e Polyvalent Paul Robert","article_modified_time":"2025-09-01T21:46:39+00:00","og_image":[{"width":1024,"height":746,"url":"https:\/\/lyceepaulrobert.fr\/wp-content\/uploads\/2025\/03\/AfficheTheatre-1-e1742853576815-1024x746.png","type":"image\/png"}],"twitter_card":"summary_large_image","twitter_misc":{"Dur\u00e9e de lecture estim\u00e9e":"2 minutes"},"schema":{"@context":"https:\/\/schema.org","@graph":[{"@type":"WebPage","@id":"https:\/\/lyceepaulrobert.fr\/index.php\/atelier-theatre\/","url":"https:\/\/lyceepaulrobert.fr\/index.php\/atelier-theatre\/","name":"Atelier Th\u00e9\u00e2tre - Lyc\u00e9e Polyvalent Paul Robert","isPartOf":{"@id":"https:\/\/lyceepaulrobert.fr\/#website"},"primaryImageOfPage":{"@id":"https:\/\/lyceepaulrobert.fr\/index.php\/atelier-theatre\/#primaryimage"},"image":{"@id":"https:\/\/lyceepaulrobert.fr\/index.php\/atelier-theatre\/#primaryimage"},"thumbnailUrl":"https:\/\/lyceepaulrobert.fr\/wp-content\/uploads\/2025\/03\/AfficheTheatre-1-e1742853576815.png","datePublished":"2025-03-24T21:54:50+00:00","dateModified":"2025-09-01T21:46:39+00:00","description":"Atelier th\u00e9\u00e2tral propos\u00e9 au lyc\u00e9en Paul Robert des Lilas (93260) en partenariat avec le Th\u00e9\u00e2tre National de la Colline","breadcrumb":{"@id":"https:\/\/lyceepaulrobert.fr\/index.php\/atelier-theatre\/#breadcrumb"},"inLanguage":"fr-FR","potentialAction":[{"@type":"ReadAction","target":["https:\/\/lyceepaulrobert.fr\/index.php\/atelier-theatre\/"]}]},{"@type":"ImageObject","inLanguage":"fr-FR","@id":"https:\/\/lyceepaulrobert.fr\/index.php\/atelier-theatre\/#primaryimage","url":"https:\/\/lyceepaulrobert.fr\/wp-content\/uploads\/2025\/03\/AfficheTheatre-1-e1742853576815.png","contentUrl":"https:\/\/lyceepaulrobert.fr\/wp-content\/uploads\/2025\/03\/AfficheTheatre-1-e1742853576815.png","width":3506,"height":2555},{"@type":"BreadcrumbList","@id":"https:\/\/lyceepaulrobert.fr\/index.php\/atelier-theatre\/#breadcrumb","itemListElement":[{"@type":"ListItem","position":1,"name":"Accueil","item":"https:\/\/lyceepaulrobert.fr\/"},{"@type":"ListItem","position":2,"name":"Atelier Th\u00e9\u00e2tre"}]},{"@type":"WebSite","@id":"https:\/\/lyceepaulrobert.fr\/#website","url":"https:\/\/lyceepaulrobert.fr\/","name":"Lyc\u00e9e Polyvalent Paul Robert","description":"","potentialAction":[{"@type":"SearchAction","target":{"@type":"EntryPoint","urlTemplate":"https:\/\/lyceepaulrobert.fr\/?s={search_term_string}"},"query-input":"required name=search_term_string"}],"inLanguage":"fr-FR"}]}},"_links":{"self":[{"href":"https:\/\/lyceepaulrobert.fr\/index.php\/wp-json\/wp\/v2\/pages\/390","targetHints":{"allow":["GET"]}}],"collection":[{"href":"https:\/\/lyceepaulrobert.fr\/index.php\/wp-json\/wp\/v2\/pages"}],"about":[{"href":"https:\/\/lyceepaulrobert.fr\/index.php\/wp-json\/wp\/v2\/types\/page"}],"author":[{"embeddable":true,"href":"https:\/\/lyceepaulrobert.fr\/index.php\/wp-json\/wp\/v2\/users\/3"}],"replies":[{"embeddable":true,"href":"https:\/\/lyceepaulrobert.fr\/index.php\/wp-json\/wp\/v2\/comments?post=390"}],"version-history":[{"count":8,"href":"https:\/\/lyceepaulrobert.fr\/index.php\/wp-json\/wp\/v2\/pages\/390\/revisions"}],"predecessor-version":[{"id":452,"href":"https:\/\/lyceepaulrobert.fr\/index.php\/wp-json\/wp\/v2\/pages\/390\/revisions\/452"}],"wp:featuredmedia":[{"embeddable":true,"href":"https:\/\/lyceepaulrobert.fr\/index.php\/wp-json\/wp\/v2\/media\/391"}],"wp:attachment":[{"href":"https:\/\/lyceepaulrobert.fr\/index.php\/wp-json\/wp\/v2\/media?parent=390"}],"curies":[{"name":"wp","href":"https:\/\/api.w.org\/{rel}","templated":true}]}}