{"id":525,"date":"2026-01-07T15:40:18","date_gmt":"2026-01-07T14:40:18","guid":{"rendered":"https:\/\/lyceepaulrobert.fr\/?page_id=525"},"modified":"2026-03-12T10:12:01","modified_gmt":"2026-03-12T09:12:01","slug":"vers-le-post-bac","status":"publish","type":"page","link":"https:\/\/lyceepaulrobert.fr\/index.php\/vers-le-post-bac\/","title":{"rendered":"Vers le POST &#8211; BAC"},"content":{"rendered":"\n<p class=\"has-vivid-red-color has-text-color has-link-color has-large-font-size wp-elements-00d420eb6d69ce1d0f3c3eb2e1caef52\"><strong>Programme \u00c9galit\u00e9 des chances Universit\u00e9 Paris Dauphine<\/strong><\/p>\n\n\n\n<p>Depuis 2009, le&nbsp;<a href=\"https:\/\/dauphine.psl.eu\/programme-egalite-des-chances\">programme \u00c9galit\u00e9 des chances<\/a>, soutenu par la&nbsp;<a href=\"https:\/\/www.fondation-dauphine.fr\/egalite-des-chances\">Fondation Dauphine<\/a>&nbsp;vise \u00e0 promouvoir&nbsp;<strong>une diversit\u00e9 sociale et g\u00e9ographique<\/strong>&nbsp;des \u00e9tudiantes et \u00e9tudiants int\u00e9grant l\u2019Universit\u00e9 Paris Dauphine &#8211; PSL.&nbsp;<\/p>\n\n\n\n<p>Partant du constat partag\u00e9 que les in\u00e9galit\u00e9s d\u2019acc\u00e8s aux fili\u00e8res sont souvent les cons\u00e9quences d\u2019in\u00e9galit\u00e9s sociales ou territoriales, le dispositif a pour ambition de&nbsp;<strong>lutter contre l\u2019autocensure des jeunes scolaris\u00e9s<\/strong>&nbsp;dans les \u00e9tablissements partenaires et&nbsp;<strong>diversifier le recrutement<\/strong>&nbsp;des \u00e9tudiantes et \u00e9tudiants dauphinois.&nbsp;<\/p>\n\n\n\n<p>Le programme a pour objectifs de&nbsp;<strong>sensibiliser<\/strong>&nbsp;les lyc\u00e9ennes et lyc\u00e9ens aux enjeux de l\u2019enseignement sup\u00e9rieur, d\u2019<strong>encourager l\u2019ambition des \u00e9l\u00e8ves<\/strong>&nbsp;volontaires, de<strong>&nbsp;consolider leurs connaissances&nbsp;<\/strong>notamment gr\u00e2ce \u00e0 l\u2019offre de cours de renforcement dans les mati\u00e8res-cl\u00e9s pour Dauphine.&nbsp;<\/p>\n\n\n\n<p>Ainsi, ce programme permet aux<strong>&nbsp;\u00e9l\u00e8ves<\/strong>&nbsp;<strong>inscrits en sp\u00e9cialit\u00e9 Math\u00e9matiques en 1\u00e8re et\/ou en terminale<\/strong>, d\u00e9sireux de d\u00e9couvrir les formations de l&rsquo;Universit\u00e9 Paris Dauphine de&nbsp;<strong>profiter d&rsquo;une Journ\u00e9e D\u00e9couverte<\/strong><strong>,&nbsp;de cours de renforcement&nbsp;( en culture g\u00e9n\u00e9rale et Math\u00e9matiques en terminale) et d&rsquo;un&nbsp;examen de leur candidature Parcoursup plus favorable.<\/strong><\/p>\n\n\n\n<p>4 \u00e9l\u00e8ves du Programme EDC ont ont obtenu une r\u00e9ponse positive \u00e0 leur candidature en juin 2025 et 2 ont valid\u00e9 leur inscription \u00e0 Dauphine pour cette ann\u00e9e universitaire 2025-2026 !<\/p>\n\n\n\n<p>Tous les ans, nos lyc\u00e9en.ne.s int\u00e8grent l&rsquo;Universit\u00e9 Dauphine gr\u00e2ce au Programme \u00c9galit\u00e9 des chances !<\/p>\n\n\n\n<div data-wp-interactive=\"core\/file\" class=\"wp-block-file\"><object data-wp-bind--hidden=\"!state.hasPdfPreview\" hidden class=\"wp-block-file__embed\" data=\"https:\/\/lyceepaulrobert.fr\/wp-content\/uploads\/2026\/01\/Plaquette-Programme-Egalite-des-Chances.pdf\" type=\"application\/pdf\" style=\"width:100%;height:600px\" aria-label=\"Contenu embarqu\u00e9 Plaquette Programme \u00c9galit\u00e9 des Chances.\"><\/object><a id=\"wp-block-file--media-ee120410-f893-49cf-b4aa-11b26df40224\" href=\"https:\/\/lyceepaulrobert.fr\/wp-content\/uploads\/2026\/01\/Plaquette-Programme-Egalite-des-Chances.pdf\">Plaquette Programme \u00c9galit\u00e9 des Chances<\/a><a href=\"https:\/\/lyceepaulrobert.fr\/wp-content\/uploads\/2026\/01\/Plaquette-Programme-Egalite-des-Chances.pdf\" class=\"wp-block-file__button wp-element-button\" download aria-describedby=\"wp-block-file--media-ee120410-f893-49cf-b4aa-11b26df40224\">T\u00e9l\u00e9charger<\/a><\/div>\n\n\n\n<div data-wp-interactive=\"core\/file\" class=\"wp-block-file\"><object data-wp-bind--hidden=\"!state.hasPdfPreview\" hidden class=\"wp-block-file__embed\" data=\"https:\/\/lyceepaulrobert.fr\/wp-content\/uploads\/2026\/01\/Programme-EDC-Dauphine-2025-26.pdf\" type=\"application\/pdf\" style=\"width:100%;height:600px\" aria-label=\"Contenu embarqu\u00e9 Programme EDC Dauphine 2025-26.\"><\/object><a id=\"wp-block-file--media-c2ade5ed-d28c-428b-91e8-c18d2a7fb44c\" href=\"https:\/\/lyceepaulrobert.fr\/wp-content\/uploads\/2026\/01\/Programme-EDC-Dauphine-2025-26.pdf\">Programme EDC Dauphine 2025-26<\/a><a href=\"https:\/\/lyceepaulrobert.fr\/wp-content\/uploads\/2026\/01\/Programme-EDC-Dauphine-2025-26.pdf\" class=\"wp-block-file__button wp-element-button\" download aria-describedby=\"wp-block-file--media-c2ade5ed-d28c-428b-91e8-c18d2a7fb44c\">T\u00e9l\u00e9charger<\/a><\/div>\n\n\n\n<p class=\"has-large-font-size\"><strong><em>Ressources pour l&rsquo;orientation: <\/em><\/strong><\/p>\n\n\n\n<div data-wp-interactive=\"core\/file\" class=\"wp-block-file\"><object data-wp-bind--hidden=\"!state.hasPdfPreview\" hidden class=\"wp-block-file__embed\" data=\"https:\/\/lyceepaulrobert.fr\/wp-content\/uploads\/2026\/01\/Questions-possibles_salon_orientation.pdf\" type=\"application\/pdf\" style=\"width:100%;height:600px\" aria-label=\"Contenu embarqu\u00e9 Questions possibles_salon_orientation.\"><\/object><a id=\"wp-block-file--media-d3fa4d19-9ec7-4243-9b38-23b5fac45022\" href=\"https:\/\/lyceepaulrobert.fr\/wp-content\/uploads\/2026\/01\/Questions-possibles_salon_orientation.pdf\">Questions possibles_salon_orientation<\/a><a href=\"https:\/\/lyceepaulrobert.fr\/wp-content\/uploads\/2026\/01\/Questions-possibles_salon_orientation.pdf\" class=\"wp-block-file__button wp-element-button\" download aria-describedby=\"wp-block-file--media-d3fa4d19-9ec7-4243-9b38-23b5fac45022\">T\u00e9l\u00e9charger<\/a><\/div>\n\n\n\n<div data-wp-interactive=\"core\/file\" class=\"wp-block-file\"><object data-wp-bind--hidden=\"!state.hasPdfPreview\" hidden class=\"wp-block-file__embed\" data=\"https:\/\/lyceepaulrobert.fr\/wp-content\/uploads\/2026\/01\/IDF_CarnetAdresses_GUIDE_APRES_BAC25_DP_SECU.pdf\" type=\"application\/pdf\" style=\"width:100%;height:600px\" aria-label=\"Contenu embarqu\u00e9 IDF_CarnetAdresses_GUIDE_APRES_BAC25_DP_SECU.\"><\/object><a id=\"wp-block-file--media-cd6f99ff-490c-4151-86da-05fe29f42d28\" href=\"https:\/\/lyceepaulrobert.fr\/wp-content\/uploads\/2026\/01\/IDF_CarnetAdresses_GUIDE_APRES_BAC25_DP_SECU.pdf\">IDF_CarnetAdresses_GUIDE_APRES_BAC25_DP_SECU<\/a><a href=\"https:\/\/lyceepaulrobert.fr\/wp-content\/uploads\/2026\/01\/IDF_CarnetAdresses_GUIDE_APRES_BAC25_DP_SECU.pdf\" class=\"wp-block-file__button wp-element-button\" download aria-describedby=\"wp-block-file--media-cd6f99ff-490c-4151-86da-05fe29f42d28\">T\u00e9l\u00e9charger<\/a><\/div>\n\n\n\n<div data-wp-interactive=\"core\/file\" class=\"wp-block-file\"><object data-wp-bind--hidden=\"!state.hasPdfPreview\" hidden class=\"wp-block-file__embed\" data=\"https:\/\/lyceepaulrobert.fr\/wp-content\/uploads\/2026\/01\/Calendrier-Parcoursup-2025-2026-.pdf\" type=\"application\/pdf\" style=\"width:100%;height:600px\" aria-label=\"Contenu embarqu\u00e9 Calendrier Parcoursup 2025-2026.\"><\/object><a id=\"wp-block-file--media-c9316bbd-bf8b-4977-81a1-6b5d7def387f\" href=\"https:\/\/lyceepaulrobert.fr\/wp-content\/uploads\/2026\/01\/Calendrier-Parcoursup-2025-2026-.pdf\">Calendrier Parcoursup 2025-2026<\/a><a href=\"https:\/\/lyceepaulrobert.fr\/wp-content\/uploads\/2026\/01\/Calendrier-Parcoursup-2025-2026-.pdf\" class=\"wp-block-file__button wp-element-button\" download aria-describedby=\"wp-block-file--media-c9316bbd-bf8b-4977-81a1-6b5d7def387f\">T\u00e9l\u00e9charger<\/a><\/div>\n\n\n\n<div data-wp-interactive=\"core\/file\" class=\"wp-block-file\"><object data-wp-bind--hidden=\"!state.hasPdfPreview\" hidden class=\"wp-block-file__embed\" data=\"https:\/\/lyceepaulrobert.fr\/wp-content\/uploads\/2026\/01\/Carte_identite_formations_V2.pdf\" type=\"application\/pdf\" style=\"width:100%;height:600px\" aria-label=\"Contenu embarqu\u00e9 Carte_identite_formations_V2.\"><\/object><a id=\"wp-block-file--media-da92161a-5e19-465d-bcf9-38deee1d76bc\" href=\"https:\/\/lyceepaulrobert.fr\/wp-content\/uploads\/2026\/01\/Carte_identite_formations_V2.pdf\">Carte_identite_formations_V2<\/a><a href=\"https:\/\/lyceepaulrobert.fr\/wp-content\/uploads\/2026\/01\/Carte_identite_formations_V2.pdf\" class=\"wp-block-file__button wp-element-button\" download aria-describedby=\"wp-block-file--media-da92161a-5e19-465d-bcf9-38deee1d76bc\">T\u00e9l\u00e9charger<\/a><\/div>\n","protected":false},"excerpt":{"rendered":"<p>Programme \u00c9galit\u00e9 des chances Universit\u00e9 Paris Dauphine Depuis 2009, le&nbsp;programme \u00c9galit\u00e9 des chances, soutenu par la&nbsp;Fondation Dauphine&nbsp;vise \u00e0 promouvoir&nbsp;une diversit\u00e9 &hellip; <\/p>\n","protected":false},"author":3,"featured_media":0,"parent":0,"menu_order":0,"comment_status":"closed","ping_status":"closed","template":"","meta":{"footnotes":""},"class_list":["post-525","page","type-page","status-publish","hentry"],"yoast_head":"<!-- This site is optimized with the Yoast SEO plugin v22.5 - https:\/\/yoast.com\/wordpress\/plugins\/seo\/ -->\n<title>Vers le POST - BAC - Lyc\u00e9e Polyvalent Paul Robert<\/title>\n<meta name=\"robots\" content=\"index, follow, max-snippet:-1, max-image-preview:large, max-video-preview:-1\" \/>\n<link rel=\"canonical\" href=\"https:\/\/lyceepaulrobert.fr\/index.php\/vers-le-post-bac\/\" \/>\n<meta property=\"og:locale\" content=\"fr_FR\" \/>\n<meta property=\"og:type\" content=\"article\" \/>\n<meta property=\"og:title\" content=\"Vers le POST - BAC - Lyc\u00e9e Polyvalent Paul Robert\" \/>\n<meta property=\"og:description\" content=\"Programme \u00c9galit\u00e9 des chances Universit\u00e9 Paris Dauphine Depuis 2009, le&nbsp;programme \u00c9galit\u00e9 des chances, soutenu par la&nbsp;Fondation Dauphine&nbsp;vise \u00e0 promouvoir&nbsp;une diversit\u00e9 &hellip;\" \/>\n<meta property=\"og:url\" content=\"https:\/\/lyceepaulrobert.fr\/index.php\/vers-le-post-bac\/\" \/>\n<meta property=\"og:site_name\" content=\"Lyc\u00e9e Polyvalent Paul Robert\" \/>\n<meta property=\"article:modified_time\" content=\"2026-03-12T09:12:01+00:00\" \/>\n<meta name=\"twitter:card\" content=\"summary_large_image\" \/>\n<meta name=\"twitter:label1\" content=\"Dur\u00e9e de lecture estim\u00e9e\" \/>\n\t<meta name=\"twitter:data1\" content=\"2 minutes\" \/>\n<script type=\"application\/ld+json\" class=\"yoast-schema-graph\">{\"@context\":\"https:\/\/schema.org\",\"@graph\":[{\"@type\":\"WebPage\",\"@id\":\"https:\/\/lyceepaulrobert.fr\/index.php\/vers-le-post-bac\/\",\"url\":\"https:\/\/lyceepaulrobert.fr\/index.php\/vers-le-post-bac\/\",\"name\":\"Vers le POST - BAC - Lyc\u00e9e Polyvalent Paul Robert\",\"isPartOf\":{\"@id\":\"https:\/\/lyceepaulrobert.fr\/#website\"},\"datePublished\":\"2026-01-07T14:40:18+00:00\",\"dateModified\":\"2026-03-12T09:12:01+00:00\",\"breadcrumb\":{\"@id\":\"https:\/\/lyceepaulrobert.fr\/index.php\/vers-le-post-bac\/#breadcrumb\"},\"inLanguage\":\"fr-FR\",\"potentialAction\":[{\"@type\":\"ReadAction\",\"target\":[\"https:\/\/lyceepaulrobert.fr\/index.php\/vers-le-post-bac\/\"]}]},{\"@type\":\"BreadcrumbList\",\"@id\":\"https:\/\/lyceepaulrobert.fr\/index.php\/vers-le-post-bac\/#breadcrumb\",\"itemListElement\":[{\"@type\":\"ListItem\",\"position\":1,\"name\":\"Accueil\",\"item\":\"https:\/\/lyceepaulrobert.fr\/\"},{\"@type\":\"ListItem\",\"position\":2,\"name\":\"Vers le POST &#8211; BAC\"}]},{\"@type\":\"WebSite\",\"@id\":\"https:\/\/lyceepaulrobert.fr\/#website\",\"url\":\"https:\/\/lyceepaulrobert.fr\/\",\"name\":\"Lyc\u00e9e Polyvalent Paul Robert\",\"description\":\"\",\"potentialAction\":[{\"@type\":\"SearchAction\",\"target\":{\"@type\":\"EntryPoint\",\"urlTemplate\":\"https:\/\/lyceepaulrobert.fr\/?s={search_term_string}\"},\"query-input\":\"required name=search_term_string\"}],\"inLanguage\":\"fr-FR\"}]}<\/script>\n<!-- \/ Yoast SEO plugin. -->","yoast_head_json":{"title":"Vers le POST - BAC - Lyc\u00e9e Polyvalent Paul Robert","robots":{"index":"index","follow":"follow","max-snippet":"max-snippet:-1","max-image-preview":"max-image-preview:large","max-video-preview":"max-video-preview:-1"},"canonical":"https:\/\/lyceepaulrobert.fr\/index.php\/vers-le-post-bac\/","og_locale":"fr_FR","og_type":"article","og_title":"Vers le POST - BAC - Lyc\u00e9e Polyvalent Paul Robert","og_description":"Programme \u00c9galit\u00e9 des chances Universit\u00e9 Paris Dauphine Depuis 2009, le&nbsp;programme \u00c9galit\u00e9 des chances, soutenu par la&nbsp;Fondation Dauphine&nbsp;vise \u00e0 promouvoir&nbsp;une diversit\u00e9 &hellip;","og_url":"https:\/\/lyceepaulrobert.fr\/index.php\/vers-le-post-bac\/","og_site_name":"Lyc\u00e9e Polyvalent Paul Robert","article_modified_time":"2026-03-12T09:12:01+00:00","twitter_card":"summary_large_image","twitter_misc":{"Dur\u00e9e de lecture estim\u00e9e":"2 minutes"},"schema":{"@context":"https:\/\/schema.org","@graph":[{"@type":"WebPage","@id":"https:\/\/lyceepaulrobert.fr\/index.php\/vers-le-post-bac\/","url":"https:\/\/lyceepaulrobert.fr\/index.php\/vers-le-post-bac\/","name":"Vers le POST - BAC - Lyc\u00e9e Polyvalent Paul Robert","isPartOf":{"@id":"https:\/\/lyceepaulrobert.fr\/#website"},"datePublished":"2026-01-07T14:40:18+00:00","dateModified":"2026-03-12T09:12:01+00:00","breadcrumb":{"@id":"https:\/\/lyceepaulrobert.fr\/index.php\/vers-le-post-bac\/#breadcrumb"},"inLanguage":"fr-FR","potentialAction":[{"@type":"ReadAction","target":["https:\/\/lyceepaulrobert.fr\/index.php\/vers-le-post-bac\/"]}]},{"@type":"BreadcrumbList","@id":"https:\/\/lyceepaulrobert.fr\/index.php\/vers-le-post-bac\/#breadcrumb","itemListElement":[{"@type":"ListItem","position":1,"name":"Accueil","item":"https:\/\/lyceepaulrobert.fr\/"},{"@type":"ListItem","position":2,"name":"Vers le POST &#8211; BAC"}]},{"@type":"WebSite","@id":"https:\/\/lyceepaulrobert.fr\/#website","url":"https:\/\/lyceepaulrobert.fr\/","name":"Lyc\u00e9e Polyvalent Paul Robert","description":"","potentialAction":[{"@type":"SearchAction","target":{"@type":"EntryPoint","urlTemplate":"https:\/\/lyceepaulrobert.fr\/?s={search_term_string}"},"query-input":"required name=search_term_string"}],"inLanguage":"fr-FR"}]}},"_links":{"self":[{"href":"https:\/\/lyceepaulrobert.fr\/index.php\/wp-json\/wp\/v2\/pages\/525","targetHints":{"allow":["GET"]}}],"collection":[{"href":"https:\/\/lyceepaulrobert.fr\/index.php\/wp-json\/wp\/v2\/pages"}],"about":[{"href":"https:\/\/lyceepaulrobert.fr\/index.php\/wp-json\/wp\/v2\/types\/page"}],"author":[{"embeddable":true,"href":"https:\/\/lyceepaulrobert.fr\/index.php\/wp-json\/wp\/v2\/users\/3"}],"replies":[{"embeddable":true,"href":"https:\/\/lyceepaulrobert.fr\/index.php\/wp-json\/wp\/v2\/comments?post=525"}],"version-history":[{"count":2,"href":"https:\/\/lyceepaulrobert.fr\/index.php\/wp-json\/wp\/v2\/pages\/525\/revisions"}],"predecessor-version":[{"id":563,"href":"https:\/\/lyceepaulrobert.fr\/index.php\/wp-json\/wp\/v2\/pages\/525\/revisions\/563"}],"wp:attachment":[{"href":"https:\/\/lyceepaulrobert.fr\/index.php\/wp-json\/wp\/v2\/media?parent=525"}],"curies":[{"name":"wp","href":"https:\/\/api.w.org\/{rel}","templated":true}]}}